{"id":66268,"date":"2023-04-11T02:59:23","date_gmt":"2023-04-11T00:59:23","guid":{"rendered":"https:\/\/termont2.com\/contact\/"},"modified":"2026-03-01T15:28:16","modified_gmt":"2026-03-01T14:28:16","slug":"contact","status":"publish","type":"page","link":"https:\/\/termont2.com\/fr\/contact\/","title":{"rendered":"Contact"},"content":{"rendered":"\t\t<div data-elementor-type=\"wp-page\" data-elementor-id=\"66268\" class=\"elementor elementor-66268 elementor-3193\">\n\t\t\t\t\t\t<section class=\"elementor-section elementor-top-section elementor-element elementor-element-f0a5434 elementor-reverse-tablet elementor-reverse-mobile elementor-section-boxed elementor-section-height-default elementor-section-height-default\" data-id=\"f0a5434\" data-element_type=\"section\" data-e-type=\"section\" data-settings=\"{&quot;background_background&quot;:&quot;classic&quot;}\">\n\t\t\t\t\t\t<div class=\"elementor-container elementor-column-gap-no\">\n\t\t\t\t\t<div class=\"elementor-column elementor-col-50 elementor-top-column elementor-element elementor-element-1061573\" data-id=\"1061573\" data-element_type=\"column\" data-e-type=\"column\">\n\t\t\t<div class=\"elementor-widget-wrap elementor-element-populated\">\n\t\t\t\t\r\n\t\t<div class=\"elementor-element elementor-element-13f85fa elementor-widget elementor-widget-logistikcontactinfo\" data-id=\"13f85fa\" data-element_type=\"widget\" data-e-type=\"widget\" data-widget_type=\"logistikcontactinfo.default\">\n\t\t\t\t<div class=\"elementor-widget-container\">\n\t\t\t\t\t        \t\t\t<div class=\"contact-info-wrap\">\r\n\t\t\t\t<div class=\"title-area\">\r\n\t\t\t\t\t<span class=\"sub-title th-sub\">\r\n\t\t\t\t\t<img decoding=\"async\" src=\"https:\/\/termont2.com\/wp-content\/uploads\/2024\/02\/container-icon-1.png\" alt=\"container icon 1\"  \/>Contactez nous\t\t\t\t\t<\/span>\r\n\t\t\t\t\t<h2 class=\"sec-title mb-0 th-title\">Restez inform\u00e9 !<\/h2>\r\n\t\t\t\t<\/div>\r\n\t\t\t\t<div class=\"contact-info\">\r\n\t\t\t\t\t<div class=\"contact-info_icon\">\r\n\t\t\t\t\t\t<i class=\"\">\r\n\t\t\t\t\t\t\t<img decoding=\"async\" src=\"https:\/\/termont2.com\/wp-content\/uploads\/2023\/04\/location_5.svg\" alt=\"location_5\"  \/>\t\t\t\t\t\t<\/i>\r\n\t\t\t\t\t<\/div>\r\n\t\t\t\t\t<div class=\"media-body\">\r\n\t\t\t\t\t\t<h4 class=\"contact-info_title\">Adresse<\/h4>\r\n\t\t\t\t\t\t<span class=\"contact-info_text\">450, rue de Boucherville, Montr\u00e9al (Qc) H1N 0C6 Canada<\/span>\r\n\t\t\t\t\t<\/div>\r\n\t\t\t\t<\/div>\r\n\t\t\t\t<div class=\"contact-info\">\r\n\t\t\t\t\t<div class=\"contact-info_icon\">\r\n\t\t\t\t\t\t<i class=\"\">\r\n\t\t\t\t\t\t\t<img decoding=\"async\" src=\"https:\/\/termont2.com\/wp-content\/uploads\/2023\/04\/phone.svg\" alt=\"phone\"  \/>\t\t\t\t\t\t<\/i>\r\n\t\t\t\t\t<\/div>\r\n\t\t\t\t\t<div class=\"media-body\">\r\n\t\t\t\t\t\t<h4 class=\"contact-info_title\">T\u00e9l\u00e9phone<\/h4>\r\n\t\t\t\t\t\t<span class=\"contact-info_text\">\r\n\t\t\t\t\t\t\t<a href=\"tel:5142540526\">(514) 254-0526<\/a>\r\n\t\t\t\t\t\t<\/span>\r\n\t\t\t\t\t<\/div>\r\n\t\t\t\t<\/div>\r\n\t\t\t\t<div class=\"contact-info\">\r\n\t\t\t\t\t<div class=\"contact-info_icon\">\r\n\t\t\t\t\t\t<i class=\"\">\r\n\t\t\t\t\t\t\t<img decoding=\"async\" src=\"https:\/\/termont2.com\/wp-content\/uploads\/2023\/04\/email.svg\" alt=\"email\"  \/>\t\t\t\t\t\t<\/i>\r\n\t\t\t\t\t<\/div>\r\n\t\t\t\t\t<div class=\"media-body\">\r\n\t\t\t\t\t\t<h4 class=\"contact-info_title\">Courriel<\/h4>\r\n\t\t\t\t\t\t<span class=\"contact-info_text\">\r\n\t\t\t\t\t\t\t<a href=\"mailto:clerks@termont.com\">clerks@termont.com<\/a>\r\n\t\t\t\t\t\t<\/span>\r\n\t\t\t\t\t<\/div>\r\n\t\t\t\t<\/div>\r\n\t\t\t\t<div class=\"themeholy-social author-social\">\r\n\t\t\t\t\t<h4 class=\"info-title\">Suivez-nous sur nos r\u00e9seaux sociaux<\/h4>\r\n\t\t\t\t\t\t\t\t\t\t\t<a  href=\"https:\/\/m.facebook.com\/p\/TERMONT-Montr%C3%A9al-Inc-100076055032885\/\"><i class=\"fab fa-facebook-f\"><\/i><\/a>\r\n\t\t\t\t\t\r\n\t\t\t\t\t\t\t\t\t\t\t<a   href=\"https:\/\/twitter.com\/TermontMontreal\"><i class=\"fab fa-twitter\"><\/i><\/a>\r\n\t\t\t\t\t\r\n\t\t\t\t\t\r\n\t\t\t\t\t\t\t\t\t\t\t<a   href=\"https:\/\/www.linkedin.com\/company\/termont-montreal-inc-\/\"><i class=\"fab fa-linkedin-in\"><\/i><\/a>\r\n\t\t\t\t\t\t\t\t\t<\/div>\r\n\t\t\t<\/div>\r\n\r\n\t\t\t\t\t\t<\/div>\n\t\t\t\t<\/div>\n\t\t\t\t\t<\/div>\n\t\t<\/div>\n\t\t\t\t<div class=\"elementor-column elementor-col-50 elementor-top-column elementor-element elementor-element-24b49cf\" data-id=\"24b49cf\" data-element_type=\"column\" data-e-type=\"column\">\n\t\t\t<div class=\"elementor-widget-wrap elementor-element-populated\">\n\t\t\t\t\t\t<div class=\"elementor-element elementor-element-b2a8f66 elementor-widget elementor-widget-logistikcontactform\" data-id=\"b2a8f66\" data-element_type=\"widget\" data-e-type=\"widget\" data-widget_type=\"logistikcontactform.default\">\n\t\t\t\t<div class=\"elementor-widget-container\">\n\t\t\t\t\t\t\t\t\t\t<div class=\"contact-form-wrapper th-bg\">\r\n\t\t\t\t<div class=\"contact-form ajax-contact\">\r\n\t\t\t\t\t<h2 class=\"form-title th-title\">Envoyez nous un message !<span class=\"shape\"><\/span><\/h2>\r\n\t\t\t\t\t\n<div class=\"wpcf7 no-js\" id=\"wpcf7-f3226-o1\" lang=\"en-US\" dir=\"ltr\" data-wpcf7-id=\"3226\">\n<div class=\"screen-reader-response\"><p role=\"status\" aria-live=\"polite\" aria-atomic=\"true\"><\/p> <ul><\/ul><\/div>\n<form action=\"\/fr\/wp-json\/wp\/v2\/pages\/66268#wpcf7-f3226-o1\" method=\"post\" class=\"wpcf7-form init\" aria-label=\"Contact form\" novalidate=\"novalidate\" data-status=\"init\">\n<fieldset class=\"hidden-fields-container\"><input type=\"hidden\" name=\"_wpcf7\" value=\"3226\" \/><input type=\"hidden\" name=\"_wpcf7_version\" value=\"6.1.5\" \/><input type=\"hidden\" name=\"_wpcf7_locale\" value=\"en_US\" \/><input type=\"hidden\" name=\"_wpcf7_unit_tag\" value=\"wpcf7-f3226-o1\" \/><input type=\"hidden\" name=\"_wpcf7_container_post\" value=\"0\" \/><input type=\"hidden\" name=\"_wpcf7_posted_data_hash\" value=\"\" \/><input type=\"hidden\" name=\"_wpcf7_recaptcha_response\" value=\"\" \/>\n<\/fieldset>\n<div class=\"row\">\n\t<div class=\"form-group col-md-6\">\n<span class=\"wpcf7-form-control-wrap\" data-name=\"your-name\"><input size=\"40\" maxlength=\"400\" class=\"wpcf7-form-control wpcf7-text wpcf7-validates-as-required form-control\" id=\"name362\" aria-required=\"true\" aria-invalid=\"false\" placeholder=\"Nom\" value=\"\" type=\"text\" name=\"your-name\" \/><\/span>\n<i class=\"fal fa-user\"><\/i>\n\t<\/div>\n\t<div class=\"form-group col-md-6\">\n<span class=\"wpcf7-form-control-wrap\" data-name=\"your-email\"><input size=\"40\" maxlength=\"400\" class=\"wpcf7-form-control wpcf7-email wpcf7-validates-as-required wpcf7-text wpcf7-validates-as-email form-control\" id=\"email462\" aria-required=\"true\" aria-invalid=\"false\" placeholder=\"Courriel\" value=\"\" type=\"email\" name=\"your-email\" \/><\/span>\n<i class=\"fal fa-envelope\"><\/i>\n\t<\/div>\n\t<div class=\"form-group col-md-6\">\n<span class=\"wpcf7-form-control-wrap\" data-name=\"your-phone\"><input size=\"40\" maxlength=\"400\" class=\"wpcf7-form-control wpcf7-text wpcf7-validates-as-required form-control\" id=\"name755\" aria-required=\"true\" aria-invalid=\"false\" placeholder=\"T\u00e9l\u00e9phone\" value=\"\" type=\"text\" name=\"your-phone\" \/><\/span>\n<i class=\"fa-regular fa-phone-flip\"><\/i>\n\t<\/div>\n\t<div class=\"form-group col-md-6\">\n<span class=\"wpcf7-form-control-wrap\" data-name=\"your-subject\"><input size=\"40\" maxlength=\"400\" class=\"wpcf7-form-control wpcf7-text wpcf7-validates-as-required form-control\" id=\"name175\" aria-required=\"true\" aria-invalid=\"false\" placeholder=\"Sujet\" value=\"\" type=\"text\" name=\"your-subject\" \/><\/span>\n<i class=\"fa-light fa-tag\"><\/i>\n\t<\/div>\n\t<div class=\"form-group col-12\">\n<span class=\"wpcf7-form-control-wrap\" data-name=\"your-message\"><textarea cols=\"40\" rows=\"10\" maxlength=\"2000\" class=\"wpcf7-form-control wpcf7-textarea wpcf7-validates-as-required form-control\" id=\"textarea-85\" aria-required=\"true\" aria-invalid=\"false\" placeholder=\"Message, commentaire ou demande\" name=\"your-message\"><\/textarea><\/span>\n<i class=\"fal fa-comment\"><\/i>\n\t<\/div>\n\t<div class=\"btn-group style2\">\n\t<button class=\"themeholy-btn th-btn wpcf7\">Envoyez votre message <span class=\"icon\"><i class=\"fa-sharp fa-regular fa-paper-plane\"><\/i><\/span><\/button>\n\t<\/div>\n<\/div>\n<p class=\"form-messages mb-0 mt-3\"><\/p><div class=\"wpcf7-response-output\" aria-hidden=\"true\"><\/div>\n<\/form>\n<\/div>\n\t\t\t\t<\/div>\r\n\t\t\t<\/div>\r\n\r\n\t\t\t\t\t\t<\/div>\n\t\t\t\t<\/div>\n\t\t\t\t\t<\/div>\n\t\t<\/div>\n\t\t\t\t\t<\/div>\n\t\t<\/section>\n\t\t\t\t<section class=\"elementor-section elementor-top-section elementor-element elementor-element-28510b5 elementor-section-full_width elementor-section-height-default elementor-section-height-default\" data-id=\"28510b5\" data-element_type=\"section\" data-e-type=\"section\">\n\t\t\t\t\t\t<div class=\"elementor-container elementor-column-gap-no\">\n\t\t\t\t\t<div class=\"elementor-column elementor-col-100 elementor-top-column elementor-element elementor-element-532295b\" data-id=\"532295b\" data-element_type=\"column\" data-e-type=\"column\">\n\t\t\t<div class=\"elementor-widget-wrap elementor-element-populated\">\n\t\t\t\t\t\t<div class=\"elementor-element elementor-element-2bc2636 elementor-widget elementor-widget-google_maps\" data-id=\"2bc2636\" data-element_type=\"widget\" data-e-type=\"widget\" data-widget_type=\"google_maps.default\">\n\t\t\t\t<div class=\"elementor-widget-container\">\n\t\t\t\t\t\t\t<div class=\"elementor-custom-embed\">\n\t\t\t<iframe loading=\"lazy\"\n\t\t\t\t\tsrc=\"https:\/\/maps.google.com\/maps?q=450%2C%20rue%20de%20Boucherville%2C%20Montr%C3%A9al%20%28Qc%29%20H1N%200C6%20Canada&#038;t=m&#038;z=10&#038;output=embed&#038;iwloc=near\"\n\t\t\t\t\ttitle=\"450, rue de Boucherville, Montr\u00e9al (Qc) H1N 0C6 Canada\"\n\t\t\t\t\taria-label=\"450, rue de Boucherville, Montr\u00e9al (Qc) H1N 0C6 Canada\"\n\t\t\t><\/iframe>\n\t\t<\/div>\n\t\t\t\t\t\t<\/div>\n\t\t\t\t<\/div>\n\t\t\t\t\t<\/div>\n\t\t<\/div>\n\t\t\t\t\t<\/div>\n\t\t<\/section>\n\t\t<div class=\"elementor-element elementor-element-18880ab e-flex e-con-boxed e-con e-parent\" data-id=\"18880ab\" data-element_type=\"container\" data-e-type=\"container\">\n\t\t\t\t\t<div class=\"e-con-inner\">\n\t\t\t\t\t<\/div>\n\t\t\t\t<\/div>\n\t\t\t\t<\/div>\n\t\t","protected":false},"excerpt":{"rendered":"<p>Contactez nous Restez inform\u00e9 ! Adresse 450, rue de Boucherville, Montr\u00e9al (Qc) H1N 0C6 Canada T\u00e9l\u00e9phone (514) 254-0526 Courriel clerks@termont.com Suivez-nous sur nos r\u00e9seaux sociaux Envoyez nous un message ! Envoyez votre message<\/p>\n","protected":false},"author":1,"featured_media":0,"parent":0,"menu_order":0,"comment_status":"closed","ping_status":"closed","template":"template-builder.php","meta":{"_acf_changed":false,"footnotes":""},"class_list":["post-66268","page","type-page","status-publish","hentry"],"acf":[],"yoast_head":"<!-- This site is optimized with the Yoast SEO plugin v27.4 - https:\/\/yoast.com\/product\/yoast-seo-wordpress\/ -->\n<title>Contact - Termont Montreal Inc<\/title>\n<meta name=\"robots\" content=\"index, follow, max-snippet:-1, max-image-preview:large, max-video-preview:-1\" \/>\n<link rel=\"canonical\" href=\"https:\/\/termont2.com\/fr\/contact\/\" \/>\n<meta property=\"og:locale\" content=\"fr_FR\" \/>\n<meta property=\"og:type\" content=\"article\" \/>\n<meta property=\"og:title\" content=\"Contact - Termont Montreal Inc\" \/>\n<meta property=\"og:description\" content=\"Contactez nous Restez inform\u00e9 ! Adresse 450, rue de Boucherville, Montr\u00e9al (Qc) H1N 0C6 Canada T\u00e9l\u00e9phone (514) 254-0526 Courriel clerks@termont.com Suivez-nous sur nos r\u00e9seaux sociaux Envoyez nous un message ! Envoyez votre message\" \/>\n<meta property=\"og:url\" content=\"https:\/\/termont2.com\/fr\/contact\/\" \/>\n<meta property=\"og:site_name\" content=\"Termont Montreal Inc\" \/>\n<meta property=\"article:modified_time\" content=\"2026-03-01T14:28:16+00:00\" \/>\n<meta property=\"og:image\" content=\"https:\/\/termont2.com\/wp-content\/uploads\/2024\/02\/container-icon-1.png\" \/>\n<meta name=\"twitter:card\" content=\"summary_large_image\" \/>\n<meta name=\"twitter:label1\" content=\"Dur\u00e9e de lecture estim\u00e9e\" \/>\n\t<meta name=\"twitter:data1\" content=\"1 minute\" \/>\n<script type=\"application\/ld+json\" class=\"yoast-schema-graph\">{\"@context\":\"https:\\\/\\\/schema.org\",\"@graph\":[{\"@type\":\"WebPage\",\"@id\":\"https:\\\/\\\/termont2.com\\\/fr\\\/contact\\\/\",\"url\":\"https:\\\/\\\/termont2.com\\\/fr\\\/contact\\\/\",\"name\":\"Contact - Termont Montreal Inc\",\"isPartOf\":{\"@id\":\"https:\\\/\\\/termont2.com\\\/fr\\\/#website\"},\"primaryImageOfPage\":{\"@id\":\"https:\\\/\\\/termont2.com\\\/fr\\\/contact\\\/#primaryimage\"},\"image\":{\"@id\":\"https:\\\/\\\/termont2.com\\\/fr\\\/contact\\\/#primaryimage\"},\"thumbnailUrl\":\"https:\\\/\\\/termont2.com\\\/wp-content\\\/uploads\\\/2024\\\/02\\\/container-icon-1.png\",\"datePublished\":\"2023-04-11T00:59:23+00:00\",\"dateModified\":\"2026-03-01T14:28:16+00:00\",\"breadcrumb\":{\"@id\":\"https:\\\/\\\/termont2.com\\\/fr\\\/contact\\\/#breadcrumb\"},\"inLanguage\":\"fr-FR\",\"potentialAction\":[{\"@type\":\"ReadAction\",\"target\":[\"https:\\\/\\\/termont2.com\\\/fr\\\/contact\\\/\"]}]},{\"@type\":\"ImageObject\",\"inLanguage\":\"fr-FR\",\"@id\":\"https:\\\/\\\/termont2.com\\\/fr\\\/contact\\\/#primaryimage\",\"url\":\"https:\\\/\\\/termont2.com\\\/wp-content\\\/uploads\\\/2024\\\/02\\\/container-icon-1.png\",\"contentUrl\":\"https:\\\/\\\/termont2.com\\\/wp-content\\\/uploads\\\/2024\\\/02\\\/container-icon-1.png\"},{\"@type\":\"BreadcrumbList\",\"@id\":\"https:\\\/\\\/termont2.com\\\/fr\\\/contact\\\/#breadcrumb\",\"itemListElement\":[{\"@type\":\"ListItem\",\"position\":1,\"name\":\"Home\",\"item\":\"https:\\\/\\\/termont2.com\\\/fr\\\/\"},{\"@type\":\"ListItem\",\"position\":2,\"name\":\"Contact\"}]},{\"@type\":\"WebSite\",\"@id\":\"https:\\\/\\\/termont2.com\\\/fr\\\/#website\",\"url\":\"https:\\\/\\\/termont2.com\\\/fr\\\/\",\"name\":\"Termont Montreal Inc\",\"description\":\"Le monde passe par nous\",\"publisher\":{\"@id\":\"https:\\\/\\\/termont2.com\\\/fr\\\/#organization\"},\"potentialAction\":[{\"@type\":\"SearchAction\",\"target\":{\"@type\":\"EntryPoint\",\"urlTemplate\":\"https:\\\/\\\/termont2.com\\\/fr\\\/?s={search_term_string}\"},\"query-input\":{\"@type\":\"PropertyValueSpecification\",\"valueRequired\":true,\"valueName\":\"search_term_string\"}}],\"inLanguage\":\"fr-FR\"},{\"@type\":\"Organization\",\"@id\":\"https:\\\/\\\/termont2.com\\\/fr\\\/#organization\",\"name\":\"Termont Montreal Inc\",\"url\":\"https:\\\/\\\/termont2.com\\\/fr\\\/\",\"logo\":{\"@type\":\"ImageObject\",\"inLanguage\":\"fr-FR\",\"@id\":\"https:\\\/\\\/termont2.com\\\/fr\\\/#\\\/schema\\\/logo\\\/image\\\/\",\"url\":\"https:\\\/\\\/termont2.com\\\/wp-content\\\/uploads\\\/2023\\\/07\\\/logo-termont.png\",\"contentUrl\":\"https:\\\/\\\/termont2.com\\\/wp-content\\\/uploads\\\/2023\\\/07\\\/logo-termont.png\",\"width\":325,\"height\":59,\"caption\":\"Termont Montreal Inc\"},\"image\":{\"@id\":\"https:\\\/\\\/termont2.com\\\/fr\\\/#\\\/schema\\\/logo\\\/image\\\/\"}}]}<\/script>\n<!-- \/ Yoast SEO plugin. -->","yoast_head_json":{"title":"Contact - Termont Montreal Inc","robots":{"index":"index","follow":"follow","max-snippet":"max-snippet:-1","max-image-preview":"max-image-preview:large","max-video-preview":"max-video-preview:-1"},"canonical":"https:\/\/termont2.com\/fr\/contact\/","og_locale":"fr_FR","og_type":"article","og_title":"Contact - Termont Montreal Inc","og_description":"Contactez nous Restez inform\u00e9 ! Adresse 450, rue de Boucherville, Montr\u00e9al (Qc) H1N 0C6 Canada T\u00e9l\u00e9phone (514) 254-0526 Courriel clerks@termont.com Suivez-nous sur nos r\u00e9seaux sociaux Envoyez nous un message ! Envoyez votre message","og_url":"https:\/\/termont2.com\/fr\/contact\/","og_site_name":"Termont Montreal Inc","article_modified_time":"2026-03-01T14:28:16+00:00","og_image":[{"url":"https:\/\/termont2.com\/wp-content\/uploads\/2024\/02\/container-icon-1.png","type":"","width":"","height":""}],"twitter_card":"summary_large_image","twitter_misc":{"Dur\u00e9e de lecture estim\u00e9e":"1 minute"},"schema":{"@context":"https:\/\/schema.org","@graph":[{"@type":"WebPage","@id":"https:\/\/termont2.com\/fr\/contact\/","url":"https:\/\/termont2.com\/fr\/contact\/","name":"Contact - Termont Montreal Inc","isPartOf":{"@id":"https:\/\/termont2.com\/fr\/#website"},"primaryImageOfPage":{"@id":"https:\/\/termont2.com\/fr\/contact\/#primaryimage"},"image":{"@id":"https:\/\/termont2.com\/fr\/contact\/#primaryimage"},"thumbnailUrl":"https:\/\/termont2.com\/wp-content\/uploads\/2024\/02\/container-icon-1.png","datePublished":"2023-04-11T00:59:23+00:00","dateModified":"2026-03-01T14:28:16+00:00","breadcrumb":{"@id":"https:\/\/termont2.com\/fr\/contact\/#breadcrumb"},"inLanguage":"fr-FR","potentialAction":[{"@type":"ReadAction","target":["https:\/\/termont2.com\/fr\/contact\/"]}]},{"@type":"ImageObject","inLanguage":"fr-FR","@id":"https:\/\/termont2.com\/fr\/contact\/#primaryimage","url":"https:\/\/termont2.com\/wp-content\/uploads\/2024\/02\/container-icon-1.png","contentUrl":"https:\/\/termont2.com\/wp-content\/uploads\/2024\/02\/container-icon-1.png"},{"@type":"BreadcrumbList","@id":"https:\/\/termont2.com\/fr\/contact\/#breadcrumb","itemListElement":[{"@type":"ListItem","position":1,"name":"Home","item":"https:\/\/termont2.com\/fr\/"},{"@type":"ListItem","position":2,"name":"Contact"}]},{"@type":"WebSite","@id":"https:\/\/termont2.com\/fr\/#website","url":"https:\/\/termont2.com\/fr\/","name":"Termont Montreal Inc","description":"Le monde passe par nous","publisher":{"@id":"https:\/\/termont2.com\/fr\/#organization"},"potentialAction":[{"@type":"SearchAction","target":{"@type":"EntryPoint","urlTemplate":"https:\/\/termont2.com\/fr\/?s={search_term_string}"},"query-input":{"@type":"PropertyValueSpecification","valueRequired":true,"valueName":"search_term_string"}}],"inLanguage":"fr-FR"},{"@type":"Organization","@id":"https:\/\/termont2.com\/fr\/#organization","name":"Termont Montreal Inc","url":"https:\/\/termont2.com\/fr\/","logo":{"@type":"ImageObject","inLanguage":"fr-FR","@id":"https:\/\/termont2.com\/fr\/#\/schema\/logo\/image\/","url":"https:\/\/termont2.com\/wp-content\/uploads\/2023\/07\/logo-termont.png","contentUrl":"https:\/\/termont2.com\/wp-content\/uploads\/2023\/07\/logo-termont.png","width":325,"height":59,"caption":"Termont Montreal Inc"},"image":{"@id":"https:\/\/termont2.com\/fr\/#\/schema\/logo\/image\/"}}]}},"_links":{"self":[{"href":"https:\/\/termont2.com\/fr\/wp-json\/wp\/v2\/pages\/66268","targetHints":{"allow":["GET"]}}],"collection":[{"href":"https:\/\/termont2.com\/fr\/wp-json\/wp\/v2\/pages"}],"about":[{"href":"https:\/\/termont2.com\/fr\/wp-json\/wp\/v2\/types\/page"}],"author":[{"embeddable":true,"href":"https:\/\/termont2.com\/fr\/wp-json\/wp\/v2\/users\/1"}],"replies":[{"embeddable":true,"href":"https:\/\/termont2.com\/fr\/wp-json\/wp\/v2\/comments?post=66268"}],"version-history":[{"count":5,"href":"https:\/\/termont2.com\/fr\/wp-json\/wp\/v2\/pages\/66268\/revisions"}],"predecessor-version":[{"id":66979,"href":"https:\/\/termont2.com\/fr\/wp-json\/wp\/v2\/pages\/66268\/revisions\/66979"}],"wp:attachment":[{"href":"https:\/\/termont2.com\/fr\/wp-json\/wp\/v2\/media?parent=66268"}],"curies":[{"name":"wp","href":"https:\/\/api.w.org\/{rel}","templated":true}]}}