{"id":66413,"date":"2023-09-12T09:32:26","date_gmt":"2023-09-12T13:32:26","guid":{"rendered":"https:\/\/termont2.com\/news\/"},"modified":"2024-06-03T16:10:46","modified_gmt":"2024-06-03T14:10:46","slug":"actualites","status":"publish","type":"page","link":"https:\/\/termont2.com\/fr\/actualites\/","title":{"rendered":"Actualit\u00e9s"},"content":{"rendered":"\t\t<div data-elementor-type=\"wp-page\" data-elementor-id=\"66413\" class=\"elementor elementor-66413 elementor-1396\">\n\t\t\t\t<div class=\"elementor-element elementor-element-efa3346 e-flex e-con-boxed e-con e-parent\" data-id=\"efa3346\" data-element_type=\"container\" data-e-type=\"container\">\n\t\t\t\t\t<div class=\"e-con-inner\">\n\t\t\r\n\t\t<div class=\"elementor-element elementor-element-0a06b79 elementor-widget elementor-widget-logistiksectiontitle\" data-id=\"0a06b79\" data-element_type=\"widget\" data-e-type=\"widget\" data-widget_type=\"logistiksectiontitle.default\">\n\t\t\t\t<div class=\"elementor-widget-container\">\n\t\t\t\t\t\t\t<div class=\"title-area\">\r\n\t\t\t\t \t\t\t<span class=\"sub-title th-sub\">\r\n\t\t\t\t\t<img decoding=\"async\" src=\"https:\/\/termont2.com\/wp-content\/uploads\/2024\/02\/container-icon-1.png\" alt=\"container icon 1\"  \/>NOS DERNIERS ARTICLES\r\n\t \t\t\t<\/span>\r\n \t\t\t\t\t\t\r\n\t\t\t<h2 class=\"sec-title th-title\">Ne manquez pas les derni\u00e8res actualit\u00e9s ! \ud83d\uddde\ufe0f<\/h2>\t\t<\/div>\r\n\r\n\t\t\t\t\t<\/div>\n\t\t\t\t<\/div>\n\t\t\t\t\t<\/div>\n\t\t\t\t<\/div>\n\t\t<div class=\"elementor-element elementor-element-2580740 e-flex e-con-boxed e-con e-parent\" data-id=\"2580740\" data-element_type=\"container\" data-e-type=\"container\">\n\t\t\t\t\t<div class=\"e-con-inner\">\n\t\t\t\t<div class=\"elementor-element elementor-element-ee7ad55 elementor-widget elementor-widget-logistikblog\" data-id=\"ee7ad55\" data-element_type=\"widget\" data-e-type=\"widget\" data-widget_type=\"logistikblog.default\">\n\t\t\t\t<div class=\"elementor-widget-container\">\n\t\t\t\t\t\t\t<div class=\"row slider-shadow themeholy-carousel arrow-wrap\" id=\"blogSlide1\" data-slide-show=\"3\" data-lg-slide-show=\"2\" data-md-slide-show=\"2\" data-sm-slide-show=\"1\" data-arrows=\"true\">\r\n\t\t\t\t<div class=\"col-md-6 col-xl-4\">\r\n\t\t\t<div class=\"blog-card\">\r\n\t\t\t\t<div class=\"blog-img\">\r\n\t\t\t\t\t<img fetchpriority=\"high\" decoding=\"async\" width=\"414\" height=\"273\" src=\"https:\/\/termont2.com\/wp-content\/uploads\/2024\/02\/visite-termont-ministre-414x273.jpg\" class=\"attachment-logistik_414X273 size-logistik_414X273 wp-post-image\" alt=\"\" \/>\t\t\t\t<\/div>\r\n\t\t\t\t<div class=\"blog-card_wrapper\">\r\n\t\t\t\t\t<span class=\"blog-card_date\">09<\/span>\r\n\t\t\t\t\t<span class=\"blog-card_month\">F\u00e9v<\/span>\r\n\t\t\t\t<\/div>\r\n\t\t\t\t<div class=\"blog-card-content\">\r\n\t\t\t\t\t<div class=\"blog-meta\">\r\n\t\t\t\t\t\t<a href=\"https:\/\/termont2.com\/fr\/author\/termontsitemastr\/\"><i class=\"fa-regular fa-user\"><\/i>By-Ol<\/a>\r\n\t\t\t\t\t\t<a href=\"https:\/\/termont2.com\/fr\/accueil-prestigieux-au-terminal-visite-du-ministre-des-transports-et-collaboration-pour-une-logistique-durable\/\"><i class=\"fa-regular fa-comments\"><\/i>\r\n\t\t\t\t\t\t\tComments(0)\r\n\t\t\t\t\t\t<\/a>\r\n\t\t\t\t\t<\/div>\r\n\t\t\t\t\t<h3 class=\"blog-title box-title th-title\"><a href=\"https:\/\/termont2.com\/fr\/accueil-prestigieux-au-terminal-visite-du-ministre-des-transports-et-collaboration-pour-une-logistique-durable\/\">Accueil prestigieux au Terminal :<\/a><\/h3>\r\n\t\t\t\t\t\t\t\t\t\t\t<a href=\"https:\/\/termont2.com\/fr\/accueil-prestigieux-au-terminal-visite-du-ministre-des-transports-et-collaboration-pour-une-logistique-durable\/\" class=\"line-btn th-btn\">En savoir plus<i class=\"fa-solid fa-arrow-right\"><\/i><\/a>\r\n\t\t\t\t\t\t\t\t\t<\/div>\r\n\t\t\t<\/div>\r\n\t\t<\/div>\r\n\t\t\t\t<div class=\"col-md-6 col-xl-4\">\r\n\t\t\t<div class=\"blog-card\">\r\n\t\t\t\t<div class=\"blog-img\">\r\n\t\t\t\t\t<img decoding=\"async\" width=\"414\" height=\"273\" src=\"https:\/\/termont2.com\/wp-content\/uploads\/2024\/01\/sunset-ship-termont.png\" class=\"attachment-logistik_414X273 size-logistik_414X273 wp-post-image\" alt=\"\" srcset=\"https:\/\/termont2.com\/wp-content\/uploads\/2024\/01\/sunset-ship-termont.png 414w, https:\/\/termont2.com\/wp-content\/uploads\/2024\/01\/sunset-ship-termont-300x198.png 300w\" sizes=\"(max-width: 414px) 100vw, 414px\" \/>\t\t\t\t<\/div>\r\n\t\t\t\t<div class=\"blog-card_wrapper\">\r\n\t\t\t\t\t<span class=\"blog-card_date\">31<\/span>\r\n\t\t\t\t\t<span class=\"blog-card_month\">Jan<\/span>\r\n\t\t\t\t<\/div>\r\n\t\t\t\t<div class=\"blog-card-content\">\r\n\t\t\t\t\t<div class=\"blog-meta\">\r\n\t\t\t\t\t\t<a href=\"https:\/\/termont2.com\/fr\/author\/termontsitemastr\/\"><i class=\"fa-regular fa-user\"><\/i>By-Ol<\/a>\r\n\t\t\t\t\t\t<a href=\"https:\/\/termont2.com\/fr\/innovation-au-port-de-montreal-phase-pilote-pour-un-nouveau-systeme-de-rendez-vous\/\"><i class=\"fa-regular fa-comments\"><\/i>\r\n\t\t\t\t\t\t\tComments(0)\r\n\t\t\t\t\t\t<\/a>\r\n\t\t\t\t\t<\/div>\r\n\t\t\t\t\t<h3 class=\"blog-title box-title th-title\"><a href=\"https:\/\/termont2.com\/fr\/innovation-au-port-de-montreal-phase-pilote-pour-un-nouveau-systeme-de-rendez-vous\/\">Innovation au Port de Montr\u00e9al<\/a><\/h3>\r\n\t\t\t\t\t\t\t\t\t\t\t<a href=\"https:\/\/termont2.com\/fr\/innovation-au-port-de-montreal-phase-pilote-pour-un-nouveau-systeme-de-rendez-vous\/\" class=\"line-btn th-btn\">En savoir plus<i class=\"fa-solid fa-arrow-right\"><\/i><\/a>\r\n\t\t\t\t\t\t\t\t\t<\/div>\r\n\t\t\t<\/div>\r\n\t\t<\/div>\r\n\t\t\t\t<div class=\"col-md-6 col-xl-4\">\r\n\t\t\t<div class=\"blog-card\">\r\n\t\t\t\t<div class=\"blog-img\">\r\n\t\t\t\t\t<img decoding=\"async\" width=\"414\" height=\"273\" src=\"https:\/\/termont2.com\/wp-content\/uploads\/2024\/02\/happy-holidays-termont-414x273.jpg\" class=\"attachment-logistik_414X273 size-logistik_414X273 wp-post-image\" alt=\"\" \/>\t\t\t\t<\/div>\r\n\t\t\t\t<div class=\"blog-card_wrapper\">\r\n\t\t\t\t\t<span class=\"blog-card_date\">09<\/span>\r\n\t\t\t\t\t<span class=\"blog-card_month\">F\u00e9v<\/span>\r\n\t\t\t\t<\/div>\r\n\t\t\t\t<div class=\"blog-card-content\">\r\n\t\t\t\t\t<div class=\"blog-meta\">\r\n\t\t\t\t\t\t<a href=\"https:\/\/termont2.com\/fr\/author\/termontsitemastr\/\"><i class=\"fa-regular fa-user\"><\/i>By-Ol<\/a>\r\n\t\t\t\t\t\t<a href=\"https:\/\/termont2.com\/fr\/voeux-festifs-du-terminal-termont-ensemble-celebrons-les-fetes-avec-joie-et-solidarite\/\"><i class=\"fa-regular fa-comments\"><\/i>\r\n\t\t\t\t\t\t\tComments(0)\r\n\t\t\t\t\t\t<\/a>\r\n\t\t\t\t\t<\/div>\r\n\t\t\t\t\t<h3 class=\"blog-title box-title th-title\"><a href=\"https:\/\/termont2.com\/fr\/voeux-festifs-du-terminal-termont-ensemble-celebrons-les-fetes-avec-joie-et-solidarite\/\">V\u0153ux de f\u00eate du Terminal<\/a><\/h3>\r\n\t\t\t\t\t\t\t\t\t\t\t<a href=\"https:\/\/termont2.com\/fr\/voeux-festifs-du-terminal-termont-ensemble-celebrons-les-fetes-avec-joie-et-solidarite\/\" class=\"line-btn th-btn\">En savoir plus<i class=\"fa-solid fa-arrow-right\"><\/i><\/a>\r\n\t\t\t\t\t\t\t\t\t<\/div>\r\n\t\t\t<\/div>\r\n\t\t<\/div>\r\n\t\t\t\t<div class=\"col-md-6 col-xl-4\">\r\n\t\t\t<div class=\"blog-card\">\r\n\t\t\t\t<div class=\"blog-img\">\r\n\t\t\t\t\t<img loading=\"lazy\" decoding=\"async\" width=\"414\" height=\"273\" src=\"https:\/\/termont2.com\/wp-content\/uploads\/2024\/02\/alliance-verte-termont-414x273.jpg\" class=\"attachment-logistik_414X273 size-logistik_414X273 wp-post-image\" alt=\"\" \/>\t\t\t\t<\/div>\r\n\t\t\t\t<div class=\"blog-card_wrapper\">\r\n\t\t\t\t\t<span class=\"blog-card_date\">09<\/span>\r\n\t\t\t\t\t<span class=\"blog-card_month\">F\u00e9v<\/span>\r\n\t\t\t\t<\/div>\r\n\t\t\t\t<div class=\"blog-card-content\">\r\n\t\t\t\t\t<div class=\"blog-meta\">\r\n\t\t\t\t\t\t<a href=\"https:\/\/termont2.com\/fr\/author\/termontsitemastr\/\"><i class=\"fa-regular fa-user\"><\/i>By-Ol<\/a>\r\n\t\t\t\t\t\t<a href=\"https:\/\/termont2.com\/fr\/12-ans-de-durabilite-termont-et-ses-partenaires-renforcent-lengagement-envers-lecologie-avec-lalliance-verte\/\"><i class=\"fa-regular fa-comments\"><\/i>\r\n\t\t\t\t\t\t\tComments(0)\r\n\t\t\t\t\t\t<\/a>\r\n\t\t\t\t\t<\/div>\r\n\t\t\t\t\t<h3 class=\"blog-title box-title th-title\"><a href=\"https:\/\/termont2.com\/fr\/12-ans-de-durabilite-termont-et-ses-partenaires-renforcent-lengagement-envers-lecologie-avec-lalliance-verte\/\">12 Ans de Durabilit\u00e9 :<\/a><\/h3>\r\n\t\t\t\t\t\t\t\t\t\t\t<a href=\"https:\/\/termont2.com\/fr\/12-ans-de-durabilite-termont-et-ses-partenaires-renforcent-lengagement-envers-lecologie-avec-lalliance-verte\/\" class=\"line-btn th-btn\">En savoir plus<i class=\"fa-solid fa-arrow-right\"><\/i><\/a>\r\n\t\t\t\t\t\t\t\t\t<\/div>\r\n\t\t\t<\/div>\r\n\t\t<\/div>\r\n\t\t\t<\/div>\r\n\t\r\n\t\t\t\t\t<\/div>\n\t\t\t\t<\/div>\n\t\t\t\t\t<\/div>\n\t\t\t\t<\/div>\n\t\t<div class=\"elementor-element elementor-element-135108f e-flex e-con-boxed e-con e-parent\" data-id=\"135108f\" data-element_type=\"container\" data-e-type=\"container\">\n\t\t\t\t\t<div class=\"e-con-inner\">\n\t\t\t\t<div class=\"elementor-element elementor-element-b4d1d12 elementor-widget elementor-widget-logistiksectiontitle\" data-id=\"b4d1d12\" data-element_type=\"widget\" data-e-type=\"widget\" data-widget_type=\"logistiksectiontitle.default\">\n\t\t\t\t<div class=\"elementor-widget-container\">\n\t\t\t\t\t\t\t<div class=\"title-area\">\r\n\t\t\t\t \t\t\t<span class=\"sub-title th-sub\">\r\n\t\t\t\t\t<img decoding=\"async\" src=\"https:\/\/termont2.com\/wp-content\/uploads\/2024\/02\/container-icon-1.png\" alt=\"container icon 1\"  \/>des questions ?\r\n\t \t\t\t<\/span>\r\n \t\t\t\t\t\t\r\n\t\t\t<h2 class=\"sec-title th-title\">Contactez-nous ! \ud83d\uddde\ufe0f<\/h2>\t\t<\/div>\r\n\r\n\t\t\t\t\t<\/div>\n\t\t\t\t<\/div>\n\t\t\t\t<div class=\"elementor-element elementor-element-c7bff84 elementor-widget elementor-widget-logistikcontactform\" data-id=\"c7bff84\" data-element_type=\"widget\" data-e-type=\"widget\" data-widget_type=\"logistikcontactform.default\">\n\t\t\t\t<div class=\"elementor-widget-container\">\n\t\t\t\t\t\t\t\t\t\t<div class=\"service-form-wrap\">\r\n\t\t\t\t<div class=\"service-form  th-bg\">\r\n\t\t\t\t\t<h3 class=\"fs-24 mb-30 mt-n1 text-white th-title\">Contactez-nous d\u00e8s maintenant ! \ud83d\udcde<\/h3>\r\n\t\t\t\t\t\n<div class=\"wpcf7 no-js\" id=\"wpcf7-f3226-o1\" lang=\"en-US\" dir=\"ltr\" data-wpcf7-id=\"3226\">\n<div class=\"screen-reader-response\"><p role=\"status\" aria-live=\"polite\" aria-atomic=\"true\"><\/p> <ul><\/ul><\/div>\n<form action=\"\/fr\/wp-json\/wp\/v2\/pages\/66413#wpcf7-f3226-o1\" method=\"post\" class=\"wpcf7-form init\" aria-label=\"Contact form\" novalidate=\"novalidate\" data-status=\"init\">\n<fieldset class=\"hidden-fields-container\"><input type=\"hidden\" name=\"_wpcf7\" value=\"3226\" \/><input type=\"hidden\" name=\"_wpcf7_version\" value=\"6.1.5\" \/><input type=\"hidden\" name=\"_wpcf7_locale\" value=\"en_US\" \/><input type=\"hidden\" name=\"_wpcf7_unit_tag\" value=\"wpcf7-f3226-o1\" \/><input type=\"hidden\" name=\"_wpcf7_container_post\" value=\"0\" \/><input type=\"hidden\" name=\"_wpcf7_posted_data_hash\" value=\"\" \/><input type=\"hidden\" name=\"_wpcf7_recaptcha_response\" value=\"\" \/>\n<\/fieldset>\n<div class=\"row\">\n\t<div class=\"form-group col-md-6\">\n<span class=\"wpcf7-form-control-wrap\" data-name=\"your-name\"><input size=\"40\" maxlength=\"400\" class=\"wpcf7-form-control wpcf7-text wpcf7-validates-as-required form-control\" id=\"name362\" aria-required=\"true\" aria-invalid=\"false\" placeholder=\"Nom\" value=\"\" type=\"text\" name=\"your-name\" \/><\/span>\n<i class=\"fal fa-user\"><\/i>\n\t<\/div>\n\t<div class=\"form-group col-md-6\">\n<span class=\"wpcf7-form-control-wrap\" data-name=\"your-email\"><input size=\"40\" maxlength=\"400\" class=\"wpcf7-form-control wpcf7-email wpcf7-validates-as-required wpcf7-text wpcf7-validates-as-email form-control\" id=\"email462\" aria-required=\"true\" aria-invalid=\"false\" placeholder=\"Courriel\" value=\"\" type=\"email\" name=\"your-email\" \/><\/span>\n<i class=\"fal fa-envelope\"><\/i>\n\t<\/div>\n\t<div class=\"form-group col-md-6\">\n<span class=\"wpcf7-form-control-wrap\" data-name=\"your-phone\"><input size=\"40\" maxlength=\"400\" class=\"wpcf7-form-control wpcf7-text wpcf7-validates-as-required form-control\" id=\"name755\" aria-required=\"true\" aria-invalid=\"false\" placeholder=\"T\u00e9l\u00e9phone\" value=\"\" type=\"text\" name=\"your-phone\" \/><\/span>\n<i class=\"fa-regular fa-phone-flip\"><\/i>\n\t<\/div>\n\t<div class=\"form-group col-md-6\">\n<span class=\"wpcf7-form-control-wrap\" data-name=\"your-subject\"><input size=\"40\" maxlength=\"400\" class=\"wpcf7-form-control wpcf7-text wpcf7-validates-as-required form-control\" id=\"name175\" aria-required=\"true\" aria-invalid=\"false\" placeholder=\"Sujet\" value=\"\" type=\"text\" name=\"your-subject\" \/><\/span>\n<i class=\"fa-light fa-tag\"><\/i>\n\t<\/div>\n\t<div class=\"form-group col-12\">\n<span class=\"wpcf7-form-control-wrap\" data-name=\"your-message\"><textarea cols=\"40\" rows=\"10\" maxlength=\"2000\" class=\"wpcf7-form-control wpcf7-textarea wpcf7-validates-as-required form-control\" id=\"textarea-85\" aria-required=\"true\" aria-invalid=\"false\" placeholder=\"Message, commentaire ou demande\" name=\"your-message\"><\/textarea><\/span>\n<i class=\"fal fa-comment\"><\/i>\n\t<\/div>\n\t<div class=\"btn-group style2\">\n\t<button class=\"themeholy-btn th-btn wpcf7\">Envoyez votre message <span class=\"icon\"><i class=\"fa-sharp fa-regular fa-paper-plane\"><\/i><\/span><\/button>\n\t<\/div>\n<\/div>\n<p class=\"form-messages mb-0 mt-3\"><\/p><div class=\"wpcf7-response-output\" aria-hidden=\"true\"><\/div>\n<\/form>\n<\/div>\n\t\t\t\t<\/div>\r\n\t\t\t<\/div>\r\n\t    \t \r\n\t    \t\t\t\t<\/div>\n\t\t\t\t<\/div>\n\t\t\t\t\t<\/div>\n\t\t\t\t<\/div>\n\t\t\t\t<\/div>\n\t\t","protected":false},"excerpt":{"rendered":"<p>NOS DERNIERS ARTICLES Ne manquez pas les derni\u00e8res actualit\u00e9s ! \ud83d\uddde\ufe0f des questions ? Contactez-nous ! \ud83d\uddde\ufe0f Contactez-nous d\u00e8s maintenant ! \ud83d\udcde Envoyez votre message<\/p>\n","protected":false},"author":1,"featured_media":0,"parent":0,"menu_order":0,"comment_status":"closed","ping_status":"closed","template":"","meta":{"_acf_changed":false,"footnotes":""},"class_list":["post-66413","page","type-page","status-publish","hentry","themeholy-blog blog-single hthemeholy-post-thumbnail"],"acf":[],"yoast_head":"<!-- This site is optimized with the Yoast SEO plugin v27.4 - https:\/\/yoast.com\/product\/yoast-seo-wordpress\/ -->\n<title>Actualit\u00e9s - Termont Montreal Inc<\/title>\n<meta name=\"robots\" content=\"index, follow, max-snippet:-1, max-image-preview:large, max-video-preview:-1\" \/>\n<link rel=\"canonical\" href=\"https:\/\/termont2.com\/fr\/actualites\/\" \/>\n<meta property=\"og:locale\" content=\"fr_FR\" \/>\n<meta property=\"og:type\" content=\"article\" \/>\n<meta property=\"og:title\" content=\"Actualit\u00e9s - Termont Montreal Inc\" \/>\n<meta property=\"og:description\" content=\"NOS DERNIERS ARTICLES Ne manquez pas les derni\u00e8res actualit\u00e9s ! \ud83d\uddde\ufe0f des questions ? Contactez-nous ! \ud83d\uddde\ufe0f Contactez-nous d\u00e8s maintenant ! \ud83d\udcde Envoyez votre message\" \/>\n<meta property=\"og:url\" content=\"https:\/\/termont2.com\/fr\/actualites\/\" \/>\n<meta property=\"og:site_name\" content=\"Termont Montreal Inc\" \/>\n<meta property=\"article:modified_time\" content=\"2024-06-03T14:10:46+00:00\" \/>\n<meta property=\"og:image\" content=\"https:\/\/termont2.com\/wp-content\/uploads\/2024\/02\/container-icon-1.png\" \/>\n<meta name=\"twitter:card\" content=\"summary_large_image\" \/>\n<meta name=\"twitter:label1\" content=\"Dur\u00e9e de lecture estim\u00e9e\" \/>\n\t<meta name=\"twitter:data1\" content=\"2 minutes\" \/>\n<script type=\"application\/ld+json\" class=\"yoast-schema-graph\">{\"@context\":\"https:\\\/\\\/schema.org\",\"@graph\":[{\"@type\":\"WebPage\",\"@id\":\"https:\\\/\\\/termont2.com\\\/fr\\\/actualites\\\/\",\"url\":\"https:\\\/\\\/termont2.com\\\/fr\\\/actualites\\\/\",\"name\":\"Actualit\u00e9s - Termont Montreal Inc\",\"isPartOf\":{\"@id\":\"https:\\\/\\\/termont2.com\\\/fr\\\/#website\"},\"primaryImageOfPage\":{\"@id\":\"https:\\\/\\\/termont2.com\\\/fr\\\/actualites\\\/#primaryimage\"},\"image\":{\"@id\":\"https:\\\/\\\/termont2.com\\\/fr\\\/actualites\\\/#primaryimage\"},\"thumbnailUrl\":\"https:\\\/\\\/termont2.com\\\/wp-content\\\/uploads\\\/2024\\\/02\\\/container-icon-1.png\",\"datePublished\":\"2023-09-12T13:32:26+00:00\",\"dateModified\":\"2024-06-03T14:10:46+00:00\",\"breadcrumb\":{\"@id\":\"https:\\\/\\\/termont2.com\\\/fr\\\/actualites\\\/#breadcrumb\"},\"inLanguage\":\"fr-FR\",\"potentialAction\":[{\"@type\":\"ReadAction\",\"target\":[\"https:\\\/\\\/termont2.com\\\/fr\\\/actualites\\\/\"]}]},{\"@type\":\"ImageObject\",\"inLanguage\":\"fr-FR\",\"@id\":\"https:\\\/\\\/termont2.com\\\/fr\\\/actualites\\\/#primaryimage\",\"url\":\"https:\\\/\\\/termont2.com\\\/wp-content\\\/uploads\\\/2024\\\/02\\\/container-icon-1.png\",\"contentUrl\":\"https:\\\/\\\/termont2.com\\\/wp-content\\\/uploads\\\/2024\\\/02\\\/container-icon-1.png\"},{\"@type\":\"BreadcrumbList\",\"@id\":\"https:\\\/\\\/termont2.com\\\/fr\\\/actualites\\\/#breadcrumb\",\"itemListElement\":[{\"@type\":\"ListItem\",\"position\":1,\"name\":\"Home\",\"item\":\"https:\\\/\\\/termont2.com\\\/fr\\\/\"},{\"@type\":\"ListItem\",\"position\":2,\"name\":\"Actualit\u00e9s\"}]},{\"@type\":\"WebSite\",\"@id\":\"https:\\\/\\\/termont2.com\\\/fr\\\/#website\",\"url\":\"https:\\\/\\\/termont2.com\\\/fr\\\/\",\"name\":\"Termont Montreal Inc\",\"description\":\"Le monde passe par nous\",\"publisher\":{\"@id\":\"https:\\\/\\\/termont2.com\\\/fr\\\/#organization\"},\"potentialAction\":[{\"@type\":\"SearchAction\",\"target\":{\"@type\":\"EntryPoint\",\"urlTemplate\":\"https:\\\/\\\/termont2.com\\\/fr\\\/?s={search_term_string}\"},\"query-input\":{\"@type\":\"PropertyValueSpecification\",\"valueRequired\":true,\"valueName\":\"search_term_string\"}}],\"inLanguage\":\"fr-FR\"},{\"@type\":\"Organization\",\"@id\":\"https:\\\/\\\/termont2.com\\\/fr\\\/#organization\",\"name\":\"Termont Montreal Inc\",\"url\":\"https:\\\/\\\/termont2.com\\\/fr\\\/\",\"logo\":{\"@type\":\"ImageObject\",\"inLanguage\":\"fr-FR\",\"@id\":\"https:\\\/\\\/termont2.com\\\/fr\\\/#\\\/schema\\\/logo\\\/image\\\/\",\"url\":\"https:\\\/\\\/termont2.com\\\/wp-content\\\/uploads\\\/2023\\\/07\\\/logo-termont.png\",\"contentUrl\":\"https:\\\/\\\/termont2.com\\\/wp-content\\\/uploads\\\/2023\\\/07\\\/logo-termont.png\",\"width\":325,\"height\":59,\"caption\":\"Termont Montreal Inc\"},\"image\":{\"@id\":\"https:\\\/\\\/termont2.com\\\/fr\\\/#\\\/schema\\\/logo\\\/image\\\/\"}}]}<\/script>\n<!-- \/ Yoast SEO plugin. -->","yoast_head_json":{"title":"Actualit\u00e9s - Termont Montreal Inc","robots":{"index":"index","follow":"follow","max-snippet":"max-snippet:-1","max-image-preview":"max-image-preview:large","max-video-preview":"max-video-preview:-1"},"canonical":"https:\/\/termont2.com\/fr\/actualites\/","og_locale":"fr_FR","og_type":"article","og_title":"Actualit\u00e9s - Termont Montreal Inc","og_description":"NOS DERNIERS ARTICLES Ne manquez pas les derni\u00e8res actualit\u00e9s ! \ud83d\uddde\ufe0f des questions ? Contactez-nous ! \ud83d\uddde\ufe0f Contactez-nous d\u00e8s maintenant ! \ud83d\udcde Envoyez votre message","og_url":"https:\/\/termont2.com\/fr\/actualites\/","og_site_name":"Termont Montreal Inc","article_modified_time":"2024-06-03T14:10:46+00:00","og_image":[{"url":"https:\/\/termont2.com\/wp-content\/uploads\/2024\/02\/container-icon-1.png","type":"","width":"","height":""}],"twitter_card":"summary_large_image","twitter_misc":{"Dur\u00e9e de lecture estim\u00e9e":"2 minutes"},"schema":{"@context":"https:\/\/schema.org","@graph":[{"@type":"WebPage","@id":"https:\/\/termont2.com\/fr\/actualites\/","url":"https:\/\/termont2.com\/fr\/actualites\/","name":"Actualit\u00e9s - Termont Montreal Inc","isPartOf":{"@id":"https:\/\/termont2.com\/fr\/#website"},"primaryImageOfPage":{"@id":"https:\/\/termont2.com\/fr\/actualites\/#primaryimage"},"image":{"@id":"https:\/\/termont2.com\/fr\/actualites\/#primaryimage"},"thumbnailUrl":"https:\/\/termont2.com\/wp-content\/uploads\/2024\/02\/container-icon-1.png","datePublished":"2023-09-12T13:32:26+00:00","dateModified":"2024-06-03T14:10:46+00:00","breadcrumb":{"@id":"https:\/\/termont2.com\/fr\/actualites\/#breadcrumb"},"inLanguage":"fr-FR","potentialAction":[{"@type":"ReadAction","target":["https:\/\/termont2.com\/fr\/actualites\/"]}]},{"@type":"ImageObject","inLanguage":"fr-FR","@id":"https:\/\/termont2.com\/fr\/actualites\/#primaryimage","url":"https:\/\/termont2.com\/wp-content\/uploads\/2024\/02\/container-icon-1.png","contentUrl":"https:\/\/termont2.com\/wp-content\/uploads\/2024\/02\/container-icon-1.png"},{"@type":"BreadcrumbList","@id":"https:\/\/termont2.com\/fr\/actualites\/#breadcrumb","itemListElement":[{"@type":"ListItem","position":1,"name":"Home","item":"https:\/\/termont2.com\/fr\/"},{"@type":"ListItem","position":2,"name":"Actualit\u00e9s"}]},{"@type":"WebSite","@id":"https:\/\/termont2.com\/fr\/#website","url":"https:\/\/termont2.com\/fr\/","name":"Termont Montreal Inc","description":"Le monde passe par nous","publisher":{"@id":"https:\/\/termont2.com\/fr\/#organization"},"potentialAction":[{"@type":"SearchAction","target":{"@type":"EntryPoint","urlTemplate":"https:\/\/termont2.com\/fr\/?s={search_term_string}"},"query-input":{"@type":"PropertyValueSpecification","valueRequired":true,"valueName":"search_term_string"}}],"inLanguage":"fr-FR"},{"@type":"Organization","@id":"https:\/\/termont2.com\/fr\/#organization","name":"Termont Montreal Inc","url":"https:\/\/termont2.com\/fr\/","logo":{"@type":"ImageObject","inLanguage":"fr-FR","@id":"https:\/\/termont2.com\/fr\/#\/schema\/logo\/image\/","url":"https:\/\/termont2.com\/wp-content\/uploads\/2023\/07\/logo-termont.png","contentUrl":"https:\/\/termont2.com\/wp-content\/uploads\/2023\/07\/logo-termont.png","width":325,"height":59,"caption":"Termont Montreal Inc"},"image":{"@id":"https:\/\/termont2.com\/fr\/#\/schema\/logo\/image\/"}}]}},"_links":{"self":[{"href":"https:\/\/termont2.com\/fr\/wp-json\/wp\/v2\/pages\/66413","targetHints":{"allow":["GET"]}}],"collection":[{"href":"https:\/\/termont2.com\/fr\/wp-json\/wp\/v2\/pages"}],"about":[{"href":"https:\/\/termont2.com\/fr\/wp-json\/wp\/v2\/types\/page"}],"author":[{"embeddable":true,"href":"https:\/\/termont2.com\/fr\/wp-json\/wp\/v2\/users\/1"}],"replies":[{"embeddable":true,"href":"https:\/\/termont2.com\/fr\/wp-json\/wp\/v2\/comments?post=66413"}],"version-history":[{"count":2,"href":"https:\/\/termont2.com\/fr\/wp-json\/wp\/v2\/pages\/66413\/revisions"}],"predecessor-version":[{"id":66416,"href":"https:\/\/termont2.com\/fr\/wp-json\/wp\/v2\/pages\/66413\/revisions\/66416"}],"wp:attachment":[{"href":"https:\/\/termont2.com\/fr\/wp-json\/wp\/v2\/media?parent=66413"}],"curies":[{"name":"wp","href":"https:\/\/api.w.org\/{rel}","templated":true}]}}