{"id":66577,"date":"2023-11-29T11:04:16","date_gmt":"2023-11-29T10:04:16","guid":{"rendered":"https:\/\/termont2.com\/legal-notice\/"},"modified":"2024-06-04T10:29:21","modified_gmt":"2024-06-04T08:29:21","slug":"legal-notice","status":"publish","type":"page","link":"https:\/\/termont2.com\/fr\/legal-notice\/","title":{"rendered":"Legal notice"},"content":{"rendered":"\t\t<div data-elementor-type=\"wp-page\" data-elementor-id=\"66577\" class=\"elementor elementor-66577 elementor-3299\">\n\t\t\t\t<div class=\"elementor-element elementor-element-8ac5b01 e-grid e-con-boxed e-con e-parent\" data-id=\"8ac5b01\" data-element_type=\"container\" data-e-type=\"container\">\n\t\t\t\t\t<div class=\"e-con-inner\">\n\t\t\r\n\t\t<div class=\"elementor-element elementor-element-c7f0953 elementor-widget elementor-widget-text-editor\" data-id=\"c7f0953\" data-element_type=\"widget\" data-e-type=\"widget\" data-widget_type=\"text-editor.default\">\n\t\t\t\t<div class=\"elementor-widget-container\">\n\t\t\t\t\t\t\t\t\t<figure class=\"wp-block-image size-medium is-resized\"><a href=\"https:\/\/termont2.com\/wp-content\/uploads\/2026\/02\/Privacy-Policy.FR_Clean-221115.pdf\" target=\"_blank\" rel=\"noreferrer noopener\"><img fetchpriority=\"high\" decoding=\"async\" class=\"wp-image-2695 aligncenter\" src=\"https:\/\/www.termont.com\/wp-content\/uploads\/2022\/10\/privacy_policy_cover-239x300.png\" sizes=\"(max-width: 263px) 100vw, 263px\" srcset=\"https:\/\/www.termont.com\/wp-content\/uploads\/2022\/10\/privacy_policy_cover-239x300.png 239w, https:\/\/www.termont.com\/wp-content\/uploads\/2022\/10\/privacy_policy_cover-817x1024.png 817w, https:\/\/www.termont.com\/wp-content\/uploads\/2022\/10\/privacy_policy_cover-768x962.png 768w, https:\/\/www.termont.com\/wp-content\/uploads\/2022\/10\/privacy_policy_cover-1226x1536.png 1226w, https:\/\/www.termont.com\/wp-content\/uploads\/2022\/10\/privacy_policy_cover-1635x2048.png 1635w, https:\/\/www.termont.com\/wp-content\/uploads\/2022\/10\/privacy_policy_cover-120x150.png 120w\" alt=\"\" width=\"263\" height=\"330\" \/><\/a><\/figure>\t\t\t\t\t\t\t\t<\/div>\n\t\t\t\t<\/div>\n\t\t\t\t<div class=\"elementor-element elementor-element-0e7a0ec elementor-widget elementor-widget-text-editor\" data-id=\"0e7a0ec\" data-element_type=\"widget\" data-e-type=\"widget\" data-widget_type=\"text-editor.default\">\n\t\t\t\t<div class=\"elementor-widget-container\">\n\t\t\t\t\t\t\t\t\t<figure class=\"wp-block-image size-large is-resized\"><a href=\"https:\/\/termont2.com\/wp-content\/uploads\/2026\/02\/Retention-Policy_FR_Clean-230905.pdf\" target=\"_blank\" rel=\"noreferrer noopener\"><img decoding=\"async\" class=\"wp-image-3054 aligncenter\" src=\"https:\/\/www.termont.com\/wp-content\/uploads\/2023\/10\/Retention-Policy_EN_Clean-230905_COVER-1-798x1024.png\" sizes=\"(max-width: 254px) 100vw, 254px\" srcset=\"https:\/\/www.termont.com\/wp-content\/uploads\/2023\/10\/Retention-Policy_EN_Clean-230905_COVER-1-798x1024.png 798w, https:\/\/www.termont.com\/wp-content\/uploads\/2023\/10\/Retention-Policy_EN_Clean-230905_COVER-1-234x300.png 234w, https:\/\/www.termont.com\/wp-content\/uploads\/2023\/10\/Retention-Policy_EN_Clean-230905_COVER-1-768x985.png 768w, https:\/\/www.termont.com\/wp-content\/uploads\/2023\/10\/Retention-Policy_EN_Clean-230905_COVER-1-1197x1536.png 1197w, https:\/\/www.termont.com\/wp-content\/uploads\/2023\/10\/Retention-Policy_EN_Clean-230905_COVER-1-1597x2048.png 1597w, https:\/\/www.termont.com\/wp-content\/uploads\/2023\/10\/Retention-Policy_EN_Clean-230905_COVER-1-117x150.png 117w\" alt=\"\" width=\"254\" height=\"326\" \/><\/a><\/figure>\t\t\t\t\t\t\t\t<\/div>\n\t\t\t\t<\/div>\n\t\t\t\t\t<\/div>\n\t\t\t\t<\/div>\n\t\t<div class=\"elementor-element elementor-element-2bfc8c0 e-flex e-con-boxed e-con e-parent\" data-id=\"2bfc8c0\" data-element_type=\"container\" data-e-type=\"container\">\n\t\t\t\t\t<div class=\"e-con-inner\">\n\t\t\t\t<div class=\"elementor-element elementor-element-ee01de9 elementor-widget elementor-widget-text-editor\" data-id=\"ee01de9\" data-element_type=\"widget\" data-e-type=\"widget\" data-widget_type=\"text-editor.default\">\n\t\t\t\t<div class=\"elementor-widget-container\">\n\t\t\t\t\t\t\t\t\t<p><br \/>L&#8217;agente de la protection de la vie priv\u00e9e de LOGISTEC est Ingrid Stefancic, Vice-pr\u00e9sidente, affaires juridiques et corporatives, secr\u00e9taire g\u00e9n\u00e9rale, et peut \u00eatre jointe \u00e0 :<\/p><p><strong>Entreprise LOGISTEC<\/strong><br \/>600, rue De La Gaucheti\u00e8re Ouest<br \/>14\u00e8me \u00e9tage<br \/>Montr\u00e9al (Qu\u00e9bec) H3B 4L2<br \/>Courriel\u00a0: privacy@logistec.com<\/p><p>Num\u00e9ro de t\u00e9l\u00e9phone\u00a0: (514) 844-9381<\/p>\t\t\t\t\t\t\t\t<\/div>\n\t\t\t\t<\/div>\n\t\t\t\t\t<\/div>\n\t\t\t\t<\/div>\n\t\t\t\t<\/div>\n\t\t","protected":false},"excerpt":{"rendered":"<p>Privacy Policy LOGISTEC&#8217;s Privacy Officer is Ingrid Stefancic, Vice President, Corporate and Legal Services, General Secretary, and can be contacted at: Company LOGISTEC 600, rue De La Gaucheti\u00e8re Ouest 14\u00e8me \u00e9tage Montr\u00e9al (Qu\u00e9bec) H3B 4L2 Courriel\u00a0:\u00a0privacy@logistec.com Num\u00e9ro de t\u00e9l\u00e9phone : (514) 844-9381<\/p>\n","protected":false},"author":1,"featured_media":0,"parent":0,"menu_order":0,"comment_status":"closed","ping_status":"closed","template":"","meta":{"_acf_changed":false,"footnotes":""},"class_list":["post-66577","page","type-page","status-publish","hentry"],"acf":[],"yoast_head":"<!-- This site is optimized with the Yoast SEO plugin v27.4 - https:\/\/yoast.com\/product\/yoast-seo-wordpress\/ -->\n<title>Legal notice - Termont Montreal Inc<\/title>\n<meta name=\"robots\" content=\"index, follow, max-snippet:-1, max-image-preview:large, max-video-preview:-1\" \/>\n<link rel=\"canonical\" href=\"https:\/\/termont2.com\/fr\/legal-notice\/\" \/>\n<meta property=\"og:locale\" content=\"fr_FR\" \/>\n<meta property=\"og:type\" content=\"article\" \/>\n<meta property=\"og:title\" content=\"Legal notice - Termont Montreal Inc\" \/>\n<meta property=\"og:description\" content=\"Privacy Policy LOGISTEC&#8217;s Privacy Officer is Ingrid Stefancic, Vice President, Corporate and Legal Services, General Secretary, and can be contacted at: Company LOGISTEC 600, rue De La Gaucheti\u00e8re Ouest 14\u00e8me \u00e9tage Montr\u00e9al (Qu\u00e9bec) H3B 4L2 Courriel\u00a0:\u00a0privacy@logistec.com Num\u00e9ro de t\u00e9l\u00e9phone : (514) 844-9381\" \/>\n<meta property=\"og:url\" content=\"https:\/\/termont2.com\/fr\/legal-notice\/\" \/>\n<meta property=\"og:site_name\" content=\"Termont Montreal Inc\" \/>\n<meta property=\"article:modified_time\" content=\"2024-06-04T08:29:21+00:00\" \/>\n<meta name=\"twitter:card\" content=\"summary_large_image\" \/>\n<meta name=\"twitter:label1\" content=\"Dur\u00e9e de lecture estim\u00e9e\" \/>\n\t<meta name=\"twitter:data1\" content=\"1 minute\" \/>\n<script type=\"application\/ld+json\" class=\"yoast-schema-graph\">{\"@context\":\"https:\\\/\\\/schema.org\",\"@graph\":[{\"@type\":\"WebPage\",\"@id\":\"https:\\\/\\\/termont2.com\\\/fr\\\/legal-notice\\\/\",\"url\":\"https:\\\/\\\/termont2.com\\\/fr\\\/legal-notice\\\/\",\"name\":\"Legal notice - Termont Montreal Inc\",\"isPartOf\":{\"@id\":\"https:\\\/\\\/termont2.com\\\/fr\\\/#website\"},\"primaryImageOfPage\":{\"@id\":\"https:\\\/\\\/termont2.com\\\/fr\\\/legal-notice\\\/#primaryimage\"},\"image\":{\"@id\":\"https:\\\/\\\/termont2.com\\\/fr\\\/legal-notice\\\/#primaryimage\"},\"thumbnailUrl\":\"https:\\\/\\\/www.termont.com\\\/wp-content\\\/uploads\\\/2022\\\/10\\\/privacy_policy_cover-239x300.png\",\"datePublished\":\"2023-11-29T10:04:16+00:00\",\"dateModified\":\"2024-06-04T08:29:21+00:00\",\"breadcrumb\":{\"@id\":\"https:\\\/\\\/termont2.com\\\/fr\\\/legal-notice\\\/#breadcrumb\"},\"inLanguage\":\"fr-FR\",\"potentialAction\":[{\"@type\":\"ReadAction\",\"target\":[\"https:\\\/\\\/termont2.com\\\/fr\\\/legal-notice\\\/\"]}]},{\"@type\":\"ImageObject\",\"inLanguage\":\"fr-FR\",\"@id\":\"https:\\\/\\\/termont2.com\\\/fr\\\/legal-notice\\\/#primaryimage\",\"url\":\"https:\\\/\\\/www.termont.com\\\/wp-content\\\/uploads\\\/2022\\\/10\\\/privacy_policy_cover-239x300.png\",\"contentUrl\":\"https:\\\/\\\/www.termont.com\\\/wp-content\\\/uploads\\\/2022\\\/10\\\/privacy_policy_cover-239x300.png\"},{\"@type\":\"BreadcrumbList\",\"@id\":\"https:\\\/\\\/termont2.com\\\/fr\\\/legal-notice\\\/#breadcrumb\",\"itemListElement\":[{\"@type\":\"ListItem\",\"position\":1,\"name\":\"Home\",\"item\":\"https:\\\/\\\/termont2.com\\\/fr\\\/\"},{\"@type\":\"ListItem\",\"position\":2,\"name\":\"Legal notice\"}]},{\"@type\":\"WebSite\",\"@id\":\"https:\\\/\\\/termont2.com\\\/fr\\\/#website\",\"url\":\"https:\\\/\\\/termont2.com\\\/fr\\\/\",\"name\":\"Termont Montreal Inc\",\"description\":\"Le monde passe par nous\",\"publisher\":{\"@id\":\"https:\\\/\\\/termont2.com\\\/fr\\\/#organization\"},\"potentialAction\":[{\"@type\":\"SearchAction\",\"target\":{\"@type\":\"EntryPoint\",\"urlTemplate\":\"https:\\\/\\\/termont2.com\\\/fr\\\/?s={search_term_string}\"},\"query-input\":{\"@type\":\"PropertyValueSpecification\",\"valueRequired\":true,\"valueName\":\"search_term_string\"}}],\"inLanguage\":\"fr-FR\"},{\"@type\":\"Organization\",\"@id\":\"https:\\\/\\\/termont2.com\\\/fr\\\/#organization\",\"name\":\"Termont Montreal Inc\",\"url\":\"https:\\\/\\\/termont2.com\\\/fr\\\/\",\"logo\":{\"@type\":\"ImageObject\",\"inLanguage\":\"fr-FR\",\"@id\":\"https:\\\/\\\/termont2.com\\\/fr\\\/#\\\/schema\\\/logo\\\/image\\\/\",\"url\":\"https:\\\/\\\/termont2.com\\\/wp-content\\\/uploads\\\/2023\\\/07\\\/logo-termont.png\",\"contentUrl\":\"https:\\\/\\\/termont2.com\\\/wp-content\\\/uploads\\\/2023\\\/07\\\/logo-termont.png\",\"width\":325,\"height\":59,\"caption\":\"Termont Montreal Inc\"},\"image\":{\"@id\":\"https:\\\/\\\/termont2.com\\\/fr\\\/#\\\/schema\\\/logo\\\/image\\\/\"}}]}<\/script>\n<!-- \/ Yoast SEO plugin. -->","yoast_head_json":{"title":"Legal notice - Termont Montreal Inc","robots":{"index":"index","follow":"follow","max-snippet":"max-snippet:-1","max-image-preview":"max-image-preview:large","max-video-preview":"max-video-preview:-1"},"canonical":"https:\/\/termont2.com\/fr\/legal-notice\/","og_locale":"fr_FR","og_type":"article","og_title":"Legal notice - Termont Montreal Inc","og_description":"Privacy Policy LOGISTEC&#8217;s Privacy Officer is Ingrid Stefancic, Vice President, Corporate and Legal Services, General Secretary, and can be contacted at: Company LOGISTEC 600, rue De La Gaucheti\u00e8re Ouest 14\u00e8me \u00e9tage Montr\u00e9al (Qu\u00e9bec) H3B 4L2 Courriel\u00a0:\u00a0privacy@logistec.com Num\u00e9ro de t\u00e9l\u00e9phone : (514) 844-9381","og_url":"https:\/\/termont2.com\/fr\/legal-notice\/","og_site_name":"Termont Montreal Inc","article_modified_time":"2024-06-04T08:29:21+00:00","twitter_card":"summary_large_image","twitter_misc":{"Dur\u00e9e de lecture estim\u00e9e":"1 minute"},"schema":{"@context":"https:\/\/schema.org","@graph":[{"@type":"WebPage","@id":"https:\/\/termont2.com\/fr\/legal-notice\/","url":"https:\/\/termont2.com\/fr\/legal-notice\/","name":"Legal notice - Termont Montreal Inc","isPartOf":{"@id":"https:\/\/termont2.com\/fr\/#website"},"primaryImageOfPage":{"@id":"https:\/\/termont2.com\/fr\/legal-notice\/#primaryimage"},"image":{"@id":"https:\/\/termont2.com\/fr\/legal-notice\/#primaryimage"},"thumbnailUrl":"https:\/\/www.termont.com\/wp-content\/uploads\/2022\/10\/privacy_policy_cover-239x300.png","datePublished":"2023-11-29T10:04:16+00:00","dateModified":"2024-06-04T08:29:21+00:00","breadcrumb":{"@id":"https:\/\/termont2.com\/fr\/legal-notice\/#breadcrumb"},"inLanguage":"fr-FR","potentialAction":[{"@type":"ReadAction","target":["https:\/\/termont2.com\/fr\/legal-notice\/"]}]},{"@type":"ImageObject","inLanguage":"fr-FR","@id":"https:\/\/termont2.com\/fr\/legal-notice\/#primaryimage","url":"https:\/\/www.termont.com\/wp-content\/uploads\/2022\/10\/privacy_policy_cover-239x300.png","contentUrl":"https:\/\/www.termont.com\/wp-content\/uploads\/2022\/10\/privacy_policy_cover-239x300.png"},{"@type":"BreadcrumbList","@id":"https:\/\/termont2.com\/fr\/legal-notice\/#breadcrumb","itemListElement":[{"@type":"ListItem","position":1,"name":"Home","item":"https:\/\/termont2.com\/fr\/"},{"@type":"ListItem","position":2,"name":"Legal notice"}]},{"@type":"WebSite","@id":"https:\/\/termont2.com\/fr\/#website","url":"https:\/\/termont2.com\/fr\/","name":"Termont Montreal Inc","description":"Le monde passe par nous","publisher":{"@id":"https:\/\/termont2.com\/fr\/#organization"},"potentialAction":[{"@type":"SearchAction","target":{"@type":"EntryPoint","urlTemplate":"https:\/\/termont2.com\/fr\/?s={search_term_string}"},"query-input":{"@type":"PropertyValueSpecification","valueRequired":true,"valueName":"search_term_string"}}],"inLanguage":"fr-FR"},{"@type":"Organization","@id":"https:\/\/termont2.com\/fr\/#organization","name":"Termont Montreal Inc","url":"https:\/\/termont2.com\/fr\/","logo":{"@type":"ImageObject","inLanguage":"fr-FR","@id":"https:\/\/termont2.com\/fr\/#\/schema\/logo\/image\/","url":"https:\/\/termont2.com\/wp-content\/uploads\/2023\/07\/logo-termont.png","contentUrl":"https:\/\/termont2.com\/wp-content\/uploads\/2023\/07\/logo-termont.png","width":325,"height":59,"caption":"Termont Montreal Inc"},"image":{"@id":"https:\/\/termont2.com\/fr\/#\/schema\/logo\/image\/"}}]}},"_links":{"self":[{"href":"https:\/\/termont2.com\/fr\/wp-json\/wp\/v2\/pages\/66577","targetHints":{"allow":["GET"]}}],"collection":[{"href":"https:\/\/termont2.com\/fr\/wp-json\/wp\/v2\/pages"}],"about":[{"href":"https:\/\/termont2.com\/fr\/wp-json\/wp\/v2\/types\/page"}],"author":[{"embeddable":true,"href":"https:\/\/termont2.com\/fr\/wp-json\/wp\/v2\/users\/1"}],"replies":[{"embeddable":true,"href":"https:\/\/termont2.com\/fr\/wp-json\/wp\/v2\/comments?post=66577"}],"version-history":[{"count":5,"href":"https:\/\/termont2.com\/fr\/wp-json\/wp\/v2\/pages\/66577\/revisions"}],"predecessor-version":[{"id":66603,"href":"https:\/\/termont2.com\/fr\/wp-json\/wp\/v2\/pages\/66577\/revisions\/66603"}],"wp:attachment":[{"href":"https:\/\/termont2.com\/fr\/wp-json\/wp\/v2\/media?parent=66577"}],"curies":[{"name":"wp","href":"https:\/\/api.w.org\/{rel}","templated":true}]}}