{"id":66578,"date":"2023-07-05T07:14:36","date_gmt":"2023-07-05T05:14:36","guid":{"rendered":"https:\/\/termont2.com\/privacy-policy\/"},"modified":"2026-02-28T16:32:09","modified_gmt":"2026-02-28T15:32:09","slug":"privacy-policy","status":"publish","type":"page","link":"https:\/\/termont2.com\/fr\/privacy-policy\/","title":{"rendered":"Politique de confidentialit\u00e9"},"content":{"rendered":"\t\t<div data-elementor-type=\"wp-page\" data-elementor-id=\"66578\" class=\"elementor elementor-66578 elementor-3\">\n\t\t\t\t<div class=\"elementor-element elementor-element-540b53da e-flex e-con-boxed e-con e-parent\" data-id=\"540b53da\" data-element_type=\"container\" data-e-type=\"container\">\n\t\t\t\t\t<div class=\"e-con-inner\">\n\t\t\r\n\t\t<div class=\"elementor-element elementor-element-4ba6c4d0 elementor-widget elementor-widget-text-editor\" data-id=\"4ba6c4d0\" data-element_type=\"widget\" data-e-type=\"widget\" data-widget_type=\"text-editor.default\">\n\t\t\t\t<div class=\"elementor-widget-container\">\n\t\t\t\t\t\t\t\t\t<h2>Conseils juridiques<\/h2><p>Ce site Web, les services qu\u2019il offre et ses contenus (le \u201cSite Web\u201d) sont fournis \u201cas soient\u201d et \u201cas disponibles\u201d sans aucune repr\u00e9sentation ou garantie de tout genre, et sont destin\u00e9s exclusivement aux clients de Termont Montr\u00e9al Inc., pour leurs propres fins internes, afin d\u2019obtenir des informations relatives aux services fournis par Termont Montr\u00e9al et ses entit\u00e9s affili\u00e9es, si applicables, et \u00e0 aucune autre fin. TERMONT MONTR\u00c9AL ET SES ENTIT\u00c9S AFFILI\u00c9ES NE GARANTISENT PAS DE REPR\u00c9SENTATIONS, GARANTIES, CONDITIONS OU OBLIGATIONS, EXPRESSES OU IMPLICITES, Y COMPRIS, EN LIMITE, DES GARANTIES IMPLICITES RELATIVES \u00c0 L\u2019OP\u00c9RATION, LA QUALIT\u00c9 OU LA CONFORMIT\u00c9 \u00c0 UN USAGE PARTICULIER DU SITE Web.<\/p><p>TERMONT MONTR\u00c9AL ET SES ENTIT\u00c9S AFFILI\u00c9ES NE GARANTISENT PAS QUE LE SITE Web soit exact, suffisant, sans erreur, complet ou \u00e0 jour au moment de l\u2019acc\u00e8s. TERMONT MONTR\u00c9AL ET SES ENTIT\u00c9S AFFILI\u00c9ES NE GARANTISENT PAS QU\u2019IL N\u2019Y AIT PAS DE VIRUSES OU CONTENU HARMFAUL.<\/p><p>L\u2019utilisateur doit prendre toutes les mesures n\u00e9cessaires pour v\u00e9rifier l\u2019exactitude et la compl\u00e9tude de toute information apparaissant sur le SITE Web avant de s\u2019en r\u00e9f\u00e9rer.<\/p><p>Termont Montr\u00e9al et ses entit\u00e9s affili\u00e9es ne garantissent ni que la fourniture du SITE Web sera sans interruption, \u00e0 temps ou sans erreur, ni que les r\u00e9sultats obtenus \u00e0 partir de l\u2019utilisation du SITE Web seront exacts et fiables, ni qu\u2019un d\u00e9faut ou bogue dans le SITE Web, si tel est le cas, sera corrig\u00e9.<\/p><p>L\u2019utilisation du SITE Web, y compris toute information obtenue \u00e0 partir de ce SITE Web, se fait \u00e0 votre risque. TERMONT MONTR\u00c9AL ET SES AFFILI\u00c9S NE PEUVENT, UNDER NO CIRCUMSTANCES, \u00caTRE DEMANDES \u00c0 PAYER \u00c0 AUCUNE PERSONNE OU ENTIT\u00c9 POUR TOUS LES DOMMAGES OU LA PERTE RESULTANT DE L\u2019UTILISATION OU DE L\u2019OP\u00c9RATION DU SITE Web, Y COMPRIS, DES DOMMAGES POUR LA PERTE DE CONFIDENTIALIT\u00c9, LA PERTE DE PROFITS, D&#8217;AFFAIRES OU DE DONN\u00c9ES, OU DAMAGE \u00c0 UN SYST\u00c8ME INFORMATIQUE, M\u00caME SI VOUS AVEZ AVIS\u00c9 TERMONT MONTR\u00c9AL OU SES ENTIT\u00c9S AFFILI\u00c9ES DE LA POSSIBILIT\u00c9 DE SUCH DAMAGES.<\/p><p>Vous vous engagez \u00e0 prendre toutes les mesures n\u00e9cessaires pour maintenir le secret de votre nom d\u2019utilisateur et de mot de passe et \u00e0 emp\u00eacher l\u2019acc\u00e8s non autoris\u00e9 au SITE Web. Vous \u00eates seul responsable de tout usage fait de votre nom d\u2019utilisateur et de mot de passe. Les noms d\u2019utilisateur et les mots de passe ne peuvent \u00eatre partag\u00e9s et chaque utilisateur doit obtenir son propre nom d\u2019utilisateur et mot de passe.<\/p><p>Les conditions et informations, produits et services contenus ou mentionn\u00e9s sur ce SITE Web peuvent changer ou \u00eatre mises \u00e0 jour sans avertissement. Vous reconnaissez que c\u2019est votre responsabilit\u00e9 de surveiller le SITE Web pour toute telle modification.<br \/> En outre, vous reconnaissez que Termont Montr\u00e9al peut interrompre l\u2019op\u00e9ration de tout ou partie du SITE Web \u00e0 tout moment sans avertissement. Si vous ne vous conformez pas aux conditions mises \u00e0 jour, vous devez imm\u00e9diatement cesser d\u2019utiliser le SITE Web.<\/p><p>Votre acc\u00e8s au ou l\u2019utilisation du SITE Web constitue votre acceptation des termes ci-dessus.<\/p><p>Les d\u00e9clarations contenues ici sont faites sans pr\u00e9judice, r\u00e9servant \u00e0 Termont Montr\u00e9al et ses entit\u00e9s affili\u00e9es tous les droits et d\u00e9fenses trouv\u00e9s dans le contrat de transport et\/ou autrement convenu.<\/p><p>Vous reconnaissez avoir lu et accepter d\u2019\u00eatre li\u00e9 par les termes et conditions relatives \u00e0 l\u2019information personnelle et aux propri\u00e9t\u00e9s intellectuelles relatives \u00e0 ce SITE Web, un aper\u00e7u de laquelle peut \u00eatre consult\u00e9 en cliquant ici.<\/p><p>Termont Montr\u00e9al peut \u00e0 tout moment, en tout ou partie, mettre fin \u00e0 votre droit d\u2019acc\u00e8s au SITE Web pour toute raison, \u00e0 son enti\u00e8re discr\u00e9tion, et ne peut sous aucun pr\u00e9texte \u00eatre tenu responsable de tout dommage ou perte r\u00e9sultant de la suspension de votre acc\u00e8s au SITE Web.<\/p><p>Vous ne pouvez pas assigner, sous-licencier ou transf\u00e9rer votre abonnement au SITE Web ou autrement \u00e9tendre les avantages du SITE Web \u00e0 toute troisi\u00e8me personne.<\/p><p>Dans le cas o\u00f9 une disposition de ces conditions g\u00e9n\u00e9rales serait d\u00e9clar\u00e9e ill\u00e9gale, non ex\u00e9cutoire ou nulle par une d\u00e9cision de justice, les autres dispositions resteront valides et s\u2019appliquent.<\/p><p>Les conditions g\u00e9n\u00e9rales du SITE Web ainsi que toute condition applicable suppl\u00e9mentaire sont soumises aux lois de la Province du Qu\u00e9bec et \u00e0 toutes les lois f\u00e9d\u00e9rales applicables y compris.<\/p>\t\t\t\t\t\t\t\t<\/div>\n\t\t\t\t<\/div>\n\t\t\t\t\t<\/div>\n\t\t\t\t<\/div>\n\t\t\t\t<\/div>\n\t\t","protected":false},"excerpt":{"rendered":"<p>Avis juridique Ce site web, les services qu&#8217;il propose et ses contenus (le \u00ab Site Web \u00bb) sont fournis \u00ab tels quels \u00bb et \u00ab tels que disponibles \u00bb, sans aucune repr\u00e9sentation ni garantie d&#8217;aucune sorte, et sont destin\u00e9s uniquement \u00e0 l&#8217;usage des clients de Termont Montr\u00e9al Inc., pour leurs propres besoins internes, afin d&#8217;obtenir&#8230;<\/p>\n","protected":false},"author":1,"featured_media":0,"parent":0,"menu_order":0,"comment_status":"closed","ping_status":"closed","template":"","meta":{"_acf_changed":false,"footnotes":""},"class_list":["post-66578","page","type-page","status-publish","hentry"],"acf":[],"yoast_head":"<!-- This site is optimized with the Yoast SEO plugin v27.4 - https:\/\/yoast.com\/product\/yoast-seo-wordpress\/ -->\n<title>Politique de confidentialit\u00e9 - Termont Montreal Inc<\/title>\n<meta name=\"robots\" content=\"index, follow, max-snippet:-1, max-image-preview:large, max-video-preview:-1\" \/>\n<link rel=\"canonical\" href=\"https:\/\/termont2.com\/fr\/privacy-policy\/\" \/>\n<meta property=\"og:locale\" content=\"fr_FR\" \/>\n<meta property=\"og:type\" content=\"article\" \/>\n<meta property=\"og:title\" content=\"Politique de confidentialit\u00e9 - Termont Montreal Inc\" \/>\n<meta property=\"og:description\" content=\"Avis juridique Ce site web, les services qu&#8217;il propose et ses contenus (le \u00ab Site Web \u00bb) sont fournis \u00ab tels quels \u00bb et \u00ab tels que disponibles \u00bb, sans aucune repr\u00e9sentation ni garantie d&#8217;aucune sorte, et sont destin\u00e9s uniquement \u00e0 l&#8217;usage des clients de Termont Montr\u00e9al Inc., pour leurs propres besoins internes, afin d&#8217;obtenir...\" \/>\n<meta property=\"og:url\" content=\"https:\/\/termont2.com\/fr\/privacy-policy\/\" \/>\n<meta property=\"og:site_name\" content=\"Termont Montreal Inc\" \/>\n<meta property=\"article:modified_time\" content=\"2026-02-28T15:32:09+00:00\" \/>\n<meta name=\"twitter:card\" content=\"summary_large_image\" \/>\n<meta name=\"twitter:label1\" content=\"Dur\u00e9e de lecture estim\u00e9e\" \/>\n\t<meta name=\"twitter:data1\" content=\"4 minutes\" \/>\n<script type=\"application\/ld+json\" class=\"yoast-schema-graph\">{\"@context\":\"https:\\\/\\\/schema.org\",\"@graph\":[{\"@type\":\"WebPage\",\"@id\":\"https:\\\/\\\/termont2.com\\\/fr\\\/privacy-policy\\\/\",\"url\":\"https:\\\/\\\/termont2.com\\\/fr\\\/privacy-policy\\\/\",\"name\":\"Politique de confidentialit\u00e9 - Termont Montreal Inc\",\"isPartOf\":{\"@id\":\"https:\\\/\\\/termont2.com\\\/fr\\\/#website\"},\"datePublished\":\"2023-07-05T05:14:36+00:00\",\"dateModified\":\"2026-02-28T15:32:09+00:00\",\"breadcrumb\":{\"@id\":\"https:\\\/\\\/termont2.com\\\/fr\\\/privacy-policy\\\/#breadcrumb\"},\"inLanguage\":\"fr-FR\",\"potentialAction\":[{\"@type\":\"ReadAction\",\"target\":[\"https:\\\/\\\/termont2.com\\\/fr\\\/privacy-policy\\\/\"]}]},{\"@type\":\"BreadcrumbList\",\"@id\":\"https:\\\/\\\/termont2.com\\\/fr\\\/privacy-policy\\\/#breadcrumb\",\"itemListElement\":[{\"@type\":\"ListItem\",\"position\":1,\"name\":\"Home\",\"item\":\"https:\\\/\\\/termont2.com\\\/fr\\\/\"},{\"@type\":\"ListItem\",\"position\":2,\"name\":\"Politique de confidentialit\u00e9\"}]},{\"@type\":\"WebSite\",\"@id\":\"https:\\\/\\\/termont2.com\\\/fr\\\/#website\",\"url\":\"https:\\\/\\\/termont2.com\\\/fr\\\/\",\"name\":\"Termont Montreal Inc\",\"description\":\"Le monde passe par nous\",\"publisher\":{\"@id\":\"https:\\\/\\\/termont2.com\\\/fr\\\/#organization\"},\"potentialAction\":[{\"@type\":\"SearchAction\",\"target\":{\"@type\":\"EntryPoint\",\"urlTemplate\":\"https:\\\/\\\/termont2.com\\\/fr\\\/?s={search_term_string}\"},\"query-input\":{\"@type\":\"PropertyValueSpecification\",\"valueRequired\":true,\"valueName\":\"search_term_string\"}}],\"inLanguage\":\"fr-FR\"},{\"@type\":\"Organization\",\"@id\":\"https:\\\/\\\/termont2.com\\\/fr\\\/#organization\",\"name\":\"Termont Montreal Inc\",\"url\":\"https:\\\/\\\/termont2.com\\\/fr\\\/\",\"logo\":{\"@type\":\"ImageObject\",\"inLanguage\":\"fr-FR\",\"@id\":\"https:\\\/\\\/termont2.com\\\/fr\\\/#\\\/schema\\\/logo\\\/image\\\/\",\"url\":\"https:\\\/\\\/termont2.com\\\/wp-content\\\/uploads\\\/2023\\\/07\\\/logo-termont.png\",\"contentUrl\":\"https:\\\/\\\/termont2.com\\\/wp-content\\\/uploads\\\/2023\\\/07\\\/logo-termont.png\",\"width\":325,\"height\":59,\"caption\":\"Termont Montreal Inc\"},\"image\":{\"@id\":\"https:\\\/\\\/termont2.com\\\/fr\\\/#\\\/schema\\\/logo\\\/image\\\/\"}}]}<\/script>\n<!-- \/ Yoast SEO plugin. -->","yoast_head_json":{"title":"Politique de confidentialit\u00e9 - Termont Montreal Inc","robots":{"index":"index","follow":"follow","max-snippet":"max-snippet:-1","max-image-preview":"max-image-preview:large","max-video-preview":"max-video-preview:-1"},"canonical":"https:\/\/termont2.com\/fr\/privacy-policy\/","og_locale":"fr_FR","og_type":"article","og_title":"Politique de confidentialit\u00e9 - Termont Montreal Inc","og_description":"Avis juridique Ce site web, les services qu&#8217;il propose et ses contenus (le \u00ab Site Web \u00bb) sont fournis \u00ab tels quels \u00bb et \u00ab tels que disponibles \u00bb, sans aucune repr\u00e9sentation ni garantie d&#8217;aucune sorte, et sont destin\u00e9s uniquement \u00e0 l&#8217;usage des clients de Termont Montr\u00e9al Inc., pour leurs propres besoins internes, afin d&#8217;obtenir...","og_url":"https:\/\/termont2.com\/fr\/privacy-policy\/","og_site_name":"Termont Montreal Inc","article_modified_time":"2026-02-28T15:32:09+00:00","twitter_card":"summary_large_image","twitter_misc":{"Dur\u00e9e de lecture estim\u00e9e":"4 minutes"},"schema":{"@context":"https:\/\/schema.org","@graph":[{"@type":"WebPage","@id":"https:\/\/termont2.com\/fr\/privacy-policy\/","url":"https:\/\/termont2.com\/fr\/privacy-policy\/","name":"Politique de confidentialit\u00e9 - Termont Montreal Inc","isPartOf":{"@id":"https:\/\/termont2.com\/fr\/#website"},"datePublished":"2023-07-05T05:14:36+00:00","dateModified":"2026-02-28T15:32:09+00:00","breadcrumb":{"@id":"https:\/\/termont2.com\/fr\/privacy-policy\/#breadcrumb"},"inLanguage":"fr-FR","potentialAction":[{"@type":"ReadAction","target":["https:\/\/termont2.com\/fr\/privacy-policy\/"]}]},{"@type":"BreadcrumbList","@id":"https:\/\/termont2.com\/fr\/privacy-policy\/#breadcrumb","itemListElement":[{"@type":"ListItem","position":1,"name":"Home","item":"https:\/\/termont2.com\/fr\/"},{"@type":"ListItem","position":2,"name":"Politique de confidentialit\u00e9"}]},{"@type":"WebSite","@id":"https:\/\/termont2.com\/fr\/#website","url":"https:\/\/termont2.com\/fr\/","name":"Termont Montreal Inc","description":"Le monde passe par nous","publisher":{"@id":"https:\/\/termont2.com\/fr\/#organization"},"potentialAction":[{"@type":"SearchAction","target":{"@type":"EntryPoint","urlTemplate":"https:\/\/termont2.com\/fr\/?s={search_term_string}"},"query-input":{"@type":"PropertyValueSpecification","valueRequired":true,"valueName":"search_term_string"}}],"inLanguage":"fr-FR"},{"@type":"Organization","@id":"https:\/\/termont2.com\/fr\/#organization","name":"Termont Montreal Inc","url":"https:\/\/termont2.com\/fr\/","logo":{"@type":"ImageObject","inLanguage":"fr-FR","@id":"https:\/\/termont2.com\/fr\/#\/schema\/logo\/image\/","url":"https:\/\/termont2.com\/wp-content\/uploads\/2023\/07\/logo-termont.png","contentUrl":"https:\/\/termont2.com\/wp-content\/uploads\/2023\/07\/logo-termont.png","width":325,"height":59,"caption":"Termont Montreal Inc"},"image":{"@id":"https:\/\/termont2.com\/fr\/#\/schema\/logo\/image\/"}}]}},"_links":{"self":[{"href":"https:\/\/termont2.com\/fr\/wp-json\/wp\/v2\/pages\/66578","targetHints":{"allow":["GET"]}}],"collection":[{"href":"https:\/\/termont2.com\/fr\/wp-json\/wp\/v2\/pages"}],"about":[{"href":"https:\/\/termont2.com\/fr\/wp-json\/wp\/v2\/types\/page"}],"author":[{"embeddable":true,"href":"https:\/\/termont2.com\/fr\/wp-json\/wp\/v2\/users\/1"}],"replies":[{"embeddable":true,"href":"https:\/\/termont2.com\/fr\/wp-json\/wp\/v2\/comments?post=66578"}],"version-history":[{"count":6,"href":"https:\/\/termont2.com\/fr\/wp-json\/wp\/v2\/pages\/66578\/revisions"}],"predecessor-version":[{"id":66885,"href":"https:\/\/termont2.com\/fr\/wp-json\/wp\/v2\/pages\/66578\/revisions\/66885"}],"wp:attachment":[{"href":"https:\/\/termont2.com\/fr\/wp-json\/wp\/v2\/media?parent=66578"}],"curies":[{"name":"wp","href":"https:\/\/api.w.org\/{rel}","templated":true}]}}