{"id":66636,"date":"2024-06-18T22:13:53","date_gmt":"2024-06-18T20:13:53","guid":{"rendered":"https:\/\/termont2.com\/plan-du-site\/"},"modified":"2024-06-18T22:13:53","modified_gmt":"2024-06-18T20:13:53","slug":"plan-du-site","status":"publish","type":"page","link":"https:\/\/termont2.com\/fr\/plan-du-site\/","title":{"rendered":"Plan du site"},"content":{"rendered":"<div class=\"wsp-container\"><h2 class=\"wsp-pages-title\">Pages<\/h2>\n<ul class=\"wsp-pages-list\">\n<li class=\"page_item page-item-66067 page_item_has_children\"><a href=\"https:\/\/termont2.com\/fr\/a-propos-de-nous\/\">\u00c0 propos<\/a>\n<ul class='children'>\n\t<li class=\"page_item page-item-66082\"><a href=\"https:\/\/termont2.com\/fr\/a-propos-de-nous\/communaute\/\">Communaut\u00e9<\/a><\/li>\n\t<li class=\"page_item page-item-66096\"><a href=\"https:\/\/termont2.com\/fr\/a-propos-de-nous\/durabilite\/\">Durabilit\u00e9<\/a><\/li>\n\t<li class=\"page_item page-item-66104\"><a href=\"https:\/\/termont2.com\/fr\/a-propos-de-nous\/valeurs\/\">Valeurs<\/a><\/li>\n<\/ul>\n<\/li>\n<li class=\"page_item page-item-66413\"><a href=\"https:\/\/termont2.com\/fr\/actualites\/\">Actualit\u00e9s<\/a><\/li>\n<li class=\"page_item page-item-66216\"><a href=\"https:\/\/termont2.com\/fr\/\">Bienvenue \u00e0 Termont<\/a><\/li>\n<li class=\"page_item page-item-66177 current_page_parent\"><a href=\"https:\/\/termont2.com\/fr\/articles\/\">Blog<\/a><\/li>\n<li class=\"page_item page-item-35344\"><a href=\"https:\/\/termont2.com\/fr\/boutique\/\">Boutique<\/a><\/li>\n<li class=\"page_item page-item-66907\"><a href=\"https:\/\/termont2.com\/fr\/carrieres\/\">Carri\u00e8res<\/a><\/li>\n<li class=\"page_item page-item-1394\"><a href=\"https:\/\/termont2.com\/fr\/paiement\/\">Contact<\/a><\/li>\n<li class=\"page_item page-item-66268\"><a href=\"https:\/\/termont2.com\/fr\/contact\/\">Contact<\/a><\/li>\n<li class=\"page_item page-item-66568\"><a href=\"https:\/\/termont2.com\/fr\/costs-2\/\">Co\u00fbts et Tarifs<\/a><\/li>\n<li class=\"page_item page-item-66949\"><a href=\"https:\/\/termont2.com\/fr\/container-tracking\/\">Demande de conteneur et paiement<\/a><\/li>\n<li class=\"page_item page-item-66398\"><a href=\"https:\/\/termont2.com\/fr\/faq\/\">Faq<\/a><\/li>\n<li class=\"page_item page-item-66951\"><a href=\"https:\/\/termont2.com\/fr\/formulaire-de-devis-hors-gabarit\/\">Formulaire de devis &#8211; Hors Gabarit<\/a><\/li>\n<li class=\"page_item page-item-66577\"><a href=\"https:\/\/termont2.com\/fr\/legal-notice\/\">Legal notice<\/a><\/li>\n<li class=\"page_item page-item-35339\"><a href=\"https:\/\/termont2.com\/fr\/link\/\">Link<\/a><\/li>\n<li class=\"page_item page-item-1395\"><a href=\"https:\/\/termont2.com\/fr\/mon-compte\/\">Mon compte<\/a><\/li>\n<li class=\"page_item page-item-1393\"><a href=\"https:\/\/termont2.com\/fr\/panier\/\">Paiement<\/a><\/li>\n<li class=\"page_item page-item-66636\"><a href=\"https:\/\/termont2.com\/fr\/plan-du-site\/\">Plan du site<\/a><\/li>\n<li class=\"page_item page-item-66578\"><a href=\"https:\/\/termont2.com\/fr\/privacy-policy\/\">Politique de confidentialit\u00e9<\/a><\/li>\n<li class=\"page_item page-item-66195 page_item_has_children\"><a href=\"https:\/\/termont2.com\/fr\/procedure-camion\/\">Proc\u00e9dure camion<\/a>\n<ul class='children'>\n\t<li class=\"page_item page-item-66247\"><a href=\"https:\/\/termont2.com\/fr\/procedure-camion\/details-du-stockage\/\">D\u00e9tails du stockage<\/a><\/li>\n\t<li class=\"page_item page-item-66229\"><a href=\"https:\/\/termont2.com\/fr\/procedure-camion\/etiquettes-rfid\/\">\u00c9tiquettes RFID<\/a><\/li>\n\t<li class=\"page_item page-item-66252\"><a href=\"https:\/\/termont2.com\/fr\/procedure-camion\/garantie-des-frais-dentreposage\/\">Garantie des frais d&#8217;entreposage<\/a><\/li>\n\t<li class=\"page_item page-item-66253\"><a href=\"https:\/\/termont2.com\/fr\/procedure-camion\/garantie-des-frais-dentree-tardive\/\">Garantie des frais d\u2019entr\u00e9e tardive<\/a><\/li>\n\t<li class=\"page_item page-item-66234\"><a href=\"https:\/\/termont2.com\/fr\/procedure-camion\/les-regles-de-securite\/\">Les r\u00e8gles de s\u00e9curit\u00e9<\/a><\/li>\n<\/ul>\n<\/li>\n<li class=\"page_item page-item-66257 page_item_has_children\"><a href=\"https:\/\/termont2.com\/fr\/rendez-vous-a-termont\/\">RDV<\/a>\n<ul class='children'>\n\t<li class=\"page_item page-item-66265\"><a href=\"https:\/\/termont2.com\/fr\/rendez-vous-a-termont\/calendrier-des-navires\/\">Calendrier des navires<\/a><\/li>\n<\/ul>\n<\/li>\n<li class=\"page_item page-item-66966\"><a href=\"https:\/\/termont2.com\/fr\/suivi-de-conteneur\/\">Suivi de conteneur<\/a><\/li>\n<li class=\"page_item page-item-66962\"><a href=\"https:\/\/termont2.com\/fr\/tarifs-du-terminal\/\">Tarifs du terminal<\/a><\/li>\n<\/ul>\n<h2 class=\"wsp-posts-title\">Articles par cat\u00e9gorie<\/h2>\n<ul class=\"wsp-posts-list\">\n\t<li><strong class=\"wsp-category-title\">Cat\u00e9gorie\u00a0: <a href=\"https:\/\/termont2.com\/fr\/category\/non-classifiee\/\">Non classifi\u00e9(e)<\/a><\/strong>\n<ul class=\"wsp-posts-list\">\t\t<li class=\"wsp-post\"><a href=\"https:\/\/termont2.com\/fr\/12-ans-de-durabilite-termont-et-ses-partenaires-renforcent-lengagement-envers-lecologie-avec-lalliance-verte\/\">12 Ans de Durabilit\u00e9 : TERMONT et ses Partenaires Renforcent l&#8217;Engagement envers l&#8217;\u00c9cologie avec l&#8217;Alliance Verte<\/a><\/li>\n\t\t<li class=\"wsp-post\"><a href=\"https:\/\/termont2.com\/fr\/accueil-prestigieux-au-terminal-visite-du-ministre-des-transports-et-collaboration-pour-une-logistique-durable\/\">Accueil prestigieux au Terminal : Visite du Ministre des Transports et de la Collaboration pour une Logistique Durable<\/a><\/li>\n\t\t<li class=\"wsp-post\"><a href=\"https:\/\/termont2.com\/fr\/voeux-festifs-du-terminal-termont-ensemble-celebrons-les-fetes-avec-joie-et-solidarite\/\">V\u0153ux de f\u00eate du Terminal Termont : Ensemble, c\u00e9l\u00e9brons les f\u00eates dans la joie et la solidarit\u00e9 !<\/a><\/li>\n\t\t<li class=\"wsp-post\"><a href=\"https:\/\/termont2.com\/fr\/innovation-au-port-de-montreal-phase-pilote-pour-un-nouveau-systeme-de-rendez-vous\/\">Innovation au Port de Montr\u00e9al : phase pilote d&#8217;un nouveau syst\u00e8me de rendez-vous<\/a><\/li>\n<\/ul><\/li>\n<\/ul>\n<h2 class=\"wsp-product_cats-title\">Cat\u00e9gories de produits<\/h2>\n<ul class=\"wsp-product_cats-list\">\n<li><a href=\"https:\/\/termont2.com\/fr\/product-category\/services\/\">Services<\/a><\/li>\n<\/ul>\n<\/div>\n","protected":false},"excerpt":{"rendered":"","protected":false},"author":1,"featured_media":0,"parent":0,"menu_order":0,"comment_status":"closed","ping_status":"closed","template":"","meta":{"_acf_changed":false,"footnotes":""},"class_list":["post-66636","page","type-page","status-publish","hentry","page--item"],"acf":[],"yoast_head":"<!-- This site is optimized with the Yoast SEO plugin v27.3 - https:\/\/yoast.com\/product\/yoast-seo-wordpress\/ -->\n<title>Plan du site - Termont Montreal Inc<\/title>\n<meta name=\"robots\" content=\"index, follow, max-snippet:-1, max-image-preview:large, max-video-preview:-1\" \/>\n<link rel=\"canonical\" href=\"https:\/\/termont2.com\/fr\/plan-du-site\/\" \/>\n<meta property=\"og:locale\" content=\"fr_FR\" \/>\n<meta property=\"og:type\" content=\"article\" \/>\n<meta property=\"og:title\" content=\"Plan du site - Termont Montreal Inc\" \/>\n<meta property=\"og:url\" content=\"https:\/\/termont2.com\/fr\/plan-du-site\/\" \/>\n<meta property=\"og:site_name\" content=\"Termont Montreal Inc\" \/>\n<meta name=\"twitter:card\" content=\"summary_large_image\" \/>\n<script type=\"application\/ld+json\" class=\"yoast-schema-graph\">{\"@context\":\"https:\\\/\\\/schema.org\",\"@graph\":[{\"@type\":\"WebPage\",\"@id\":\"https:\\\/\\\/termont2.com\\\/fr\\\/plan-du-site\\\/\",\"url\":\"https:\\\/\\\/termont2.com\\\/fr\\\/plan-du-site\\\/\",\"name\":\"Plan du site - Termont Montreal Inc\",\"isPartOf\":{\"@id\":\"https:\\\/\\\/termont2.com\\\/fr\\\/#website\"},\"datePublished\":\"2024-06-18T20:13:53+00:00\",\"breadcrumb\":{\"@id\":\"https:\\\/\\\/termont2.com\\\/fr\\\/plan-du-site\\\/#breadcrumb\"},\"inLanguage\":\"fr-FR\",\"potentialAction\":[{\"@type\":\"ReadAction\",\"target\":[\"https:\\\/\\\/termont2.com\\\/fr\\\/plan-du-site\\\/\"]}]},{\"@type\":\"BreadcrumbList\",\"@id\":\"https:\\\/\\\/termont2.com\\\/fr\\\/plan-du-site\\\/#breadcrumb\",\"itemListElement\":[{\"@type\":\"ListItem\",\"position\":1,\"name\":\"Home\",\"item\":\"https:\\\/\\\/termont2.com\\\/fr\\\/\"},{\"@type\":\"ListItem\",\"position\":2,\"name\":\"Plan du site\"}]},{\"@type\":\"WebSite\",\"@id\":\"https:\\\/\\\/termont2.com\\\/fr\\\/#website\",\"url\":\"https:\\\/\\\/termont2.com\\\/fr\\\/\",\"name\":\"Termont Montreal Inc\",\"description\":\"Le monde passe par nous\",\"publisher\":{\"@id\":\"https:\\\/\\\/termont2.com\\\/fr\\\/#organization\"},\"potentialAction\":[{\"@type\":\"SearchAction\",\"target\":{\"@type\":\"EntryPoint\",\"urlTemplate\":\"https:\\\/\\\/termont2.com\\\/fr\\\/?s={search_term_string}\"},\"query-input\":{\"@type\":\"PropertyValueSpecification\",\"valueRequired\":true,\"valueName\":\"search_term_string\"}}],\"inLanguage\":\"fr-FR\"},{\"@type\":\"Organization\",\"@id\":\"https:\\\/\\\/termont2.com\\\/fr\\\/#organization\",\"name\":\"Termont Montreal Inc\",\"url\":\"https:\\\/\\\/termont2.com\\\/fr\\\/\",\"logo\":{\"@type\":\"ImageObject\",\"inLanguage\":\"fr-FR\",\"@id\":\"https:\\\/\\\/termont2.com\\\/fr\\\/#\\\/schema\\\/logo\\\/image\\\/\",\"url\":\"https:\\\/\\\/termont2.com\\\/wp-content\\\/uploads\\\/2023\\\/07\\\/logo-termont.png\",\"contentUrl\":\"https:\\\/\\\/termont2.com\\\/wp-content\\\/uploads\\\/2023\\\/07\\\/logo-termont.png\",\"width\":325,\"height\":59,\"caption\":\"Termont Montreal Inc\"},\"image\":{\"@id\":\"https:\\\/\\\/termont2.com\\\/fr\\\/#\\\/schema\\\/logo\\\/image\\\/\"}}]}<\/script>\n<!-- \/ Yoast SEO plugin. -->","yoast_head_json":{"title":"Plan du site - Termont Montreal Inc","robots":{"index":"index","follow":"follow","max-snippet":"max-snippet:-1","max-image-preview":"max-image-preview:large","max-video-preview":"max-video-preview:-1"},"canonical":"https:\/\/termont2.com\/fr\/plan-du-site\/","og_locale":"fr_FR","og_type":"article","og_title":"Plan du site - Termont Montreal Inc","og_url":"https:\/\/termont2.com\/fr\/plan-du-site\/","og_site_name":"Termont Montreal Inc","twitter_card":"summary_large_image","schema":{"@context":"https:\/\/schema.org","@graph":[{"@type":"WebPage","@id":"https:\/\/termont2.com\/fr\/plan-du-site\/","url":"https:\/\/termont2.com\/fr\/plan-du-site\/","name":"Plan du site - Termont Montreal Inc","isPartOf":{"@id":"https:\/\/termont2.com\/fr\/#website"},"datePublished":"2024-06-18T20:13:53+00:00","breadcrumb":{"@id":"https:\/\/termont2.com\/fr\/plan-du-site\/#breadcrumb"},"inLanguage":"fr-FR","potentialAction":[{"@type":"ReadAction","target":["https:\/\/termont2.com\/fr\/plan-du-site\/"]}]},{"@type":"BreadcrumbList","@id":"https:\/\/termont2.com\/fr\/plan-du-site\/#breadcrumb","itemListElement":[{"@type":"ListItem","position":1,"name":"Home","item":"https:\/\/termont2.com\/fr\/"},{"@type":"ListItem","position":2,"name":"Plan du site"}]},{"@type":"WebSite","@id":"https:\/\/termont2.com\/fr\/#website","url":"https:\/\/termont2.com\/fr\/","name":"Termont Montreal Inc","description":"Le monde passe par nous","publisher":{"@id":"https:\/\/termont2.com\/fr\/#organization"},"potentialAction":[{"@type":"SearchAction","target":{"@type":"EntryPoint","urlTemplate":"https:\/\/termont2.com\/fr\/?s={search_term_string}"},"query-input":{"@type":"PropertyValueSpecification","valueRequired":true,"valueName":"search_term_string"}}],"inLanguage":"fr-FR"},{"@type":"Organization","@id":"https:\/\/termont2.com\/fr\/#organization","name":"Termont Montreal Inc","url":"https:\/\/termont2.com\/fr\/","logo":{"@type":"ImageObject","inLanguage":"fr-FR","@id":"https:\/\/termont2.com\/fr\/#\/schema\/logo\/image\/","url":"https:\/\/termont2.com\/wp-content\/uploads\/2023\/07\/logo-termont.png","contentUrl":"https:\/\/termont2.com\/wp-content\/uploads\/2023\/07\/logo-termont.png","width":325,"height":59,"caption":"Termont Montreal Inc"},"image":{"@id":"https:\/\/termont2.com\/fr\/#\/schema\/logo\/image\/"}}]}},"_links":{"self":[{"href":"https:\/\/termont2.com\/fr\/wp-json\/wp\/v2\/pages\/66636","targetHints":{"allow":["GET"]}}],"collection":[{"href":"https:\/\/termont2.com\/fr\/wp-json\/wp\/v2\/pages"}],"about":[{"href":"https:\/\/termont2.com\/fr\/wp-json\/wp\/v2\/types\/page"}],"author":[{"embeddable":true,"href":"https:\/\/termont2.com\/fr\/wp-json\/wp\/v2\/users\/1"}],"replies":[{"embeddable":true,"href":"https:\/\/termont2.com\/fr\/wp-json\/wp\/v2\/comments?post=66636"}],"version-history":[{"count":0,"href":"https:\/\/termont2.com\/fr\/wp-json\/wp\/v2\/pages\/66636\/revisions"}],"wp:attachment":[{"href":"https:\/\/termont2.com\/fr\/wp-json\/wp\/v2\/media?parent=66636"}],"curies":[{"name":"wp","href":"https:\/\/api.w.org\/{rel}","templated":true}]}}